{"id":2,"date":"2022-01-27T09:19:58","date_gmt":"2022-01-27T08:19:58","guid":{"rendered":"http:\/\/elearning.zewk.tu-berlin.de\/blog\/democratize-work\/?page_id=2"},"modified":"2024-08-22T12:21:23","modified_gmt":"2024-08-22T10:21:23","slug":"episodenverzeichnis","status":"publish","type":"page","link":"https:\/\/elearning.zewk.tu-berlin.de\/blog\/democratize-work\/episodenverzeichnis\/","title":{"rendered":"Alle Episoden im \u00dcberblick"},"content":{"rendered":"\n<p>Zwischen November 2020 und Juli 2024 haben <a href=\"https:\/\/elearning.zewk.tu-berlin.de\/blog\/democratize-work\/ueber-uns\/\" data-type=\"page\" data-id=\"53\" target=\"_blank\" rel=\"noreferrer noopener\">wir<\/a> 29 Folgen produziert und mit 59 Personen aus Wissenschaft und gewerkschaftlicher sowie betrieblicher Praxis gesprochen. Hier alle Folgen im \u00dcberblick.<\/p>\n\n\n\n<p><a href=\"https:\/\/elearning.zewk.tu-berlin.de\/blog\/democratize-work\/2024\/07\/19\/29-renaissance-der-gewerkschaften-zum-stand-gewerkschaftlicher-erneuerung\/\" data-type=\"post\" data-id=\"800\"><strong>#29 Renaissance der Gewerkschaften? Zum Stand Gewerkschaftlicher Erneuerung<\/strong> <strong>(zweiteilige Episode)<\/strong><\/a><strong><br><\/strong>G\u00e4ste: Katja Karger\u00a0(Vorsitzende des DGB Berlin-Brandenburg) &amp; Prof. Dr.\u00a0Ulli Brinkmann\u00a0(Professor f\u00fcr Arbeits- und Organisationssoziologie an der TU Darmstadt); V\u00d6: 19.07., 26.07.2024.<\/p>\n\n\n\n<p><a rel=\"noreferrer noopener\" href=\"https:\/\/elearning.zewk.tu-berlin.de\/blog\/democratize-work\/2023\/12\/23\/28-streikrecht-politischer-streik-mehr-streik-gleich-mehr-demokratie\/\" data-type=\"post\" data-id=\"776\" target=\"_blank\"><strong>#28 Streikrecht &amp; politischer Streik: Mehr Streik gleich mehr Demokratie?<\/strong> <strong>(dreiteilige Episode)<br><\/strong><\/a>G\u00e4ste: Dr. Theresa Tschenker (Rechtswissenschaftlerin) &amp; Christoph W\u00e4lz (Aktiver bei der GEW Berlin); V\u00d6: 22.12., 29.12.2023, 05.01.2024.<\/p>\n\n\n\n<p><a rel=\"noreferrer noopener\" href=\"https:\/\/elearning.zewk.tu-berlin.de\/blog\/democratize-work\/2023\/09\/22\/27-vier-tage-woche-mit-mehr-zeit-zur-loesung-der-multiplen-krise\/\" data-type=\"post\" data-id=\"756\" target=\"_blank\"><strong>#27 4-Tage-Woche: Mit mehr Zeit zur L<\/strong><\/a><a href=\"https:\/\/elearning.zewk.tu-berlin.de\/blog\/democratize-work\/2023\/09\/22\/27-vier-tage-woche-mit-mehr-zeit-zur-loesung-der-multiplen-krise\/\" data-type=\"post\" data-id=\"756\" target=\"_blank\" rel=\"noreferrer noopener\"><strong>\u00f6<\/strong><\/a><a rel=\"noreferrer noopener\" href=\"https:\/\/elearning.zewk.tu-berlin.de\/blog\/democratize-work\/2023\/09\/22\/27-vier-tage-woche-mit-mehr-zeit-zur-loesung-der-multiplen-krise\/\" data-type=\"post\" data-id=\"756\" target=\"_blank\"><strong>sung der Multiplen Krise? (dreiteilige Episode)<br><\/strong><\/a>G\u00e4ste: Sophie J\u00e4nicke&nbsp;(Ressortleiterin \u201eTarifpolitik\u201c, IG Metall Vorstand) &amp; Philipp Frey&nbsp;(Institut f\u00fcr Technikfolgen\u00adabsch\u00e4tzung und System\u00adanalyse am KIT); V\u00d6: 22.09., 07.10., 13.10.2023.<\/p>\n\n\n\n<p><a href=\"https:\/\/elearning.zewk.tu-berlin.de\/blog\/democratize-work\/2023\/08\/19\/26-europa-xxl-arbeitspolitik-der-eu-mindestlohndirektive-europaeische-mitbestimmung\/\" data-type=\"post\" data-id=\"730\" target=\"_blank\" rel=\"noreferrer noopener\"><strong>#26 Europa XXL: Europ\u00e4ische Arbeitspolitik, Europ\u00e4ischer Mindestlohn &amp;  Mitbestimmung (dreiteilige Episode)<\/strong><br><\/a>G\u00e4ste: Dr. Felix Syrovatka (Wiss. Koordinator Promotionskolleg \u201cGerechtigkeit durch Tarifvertrag\u201d, FU Berlin) &amp; Maximilian Waclawczyk (IG Metall, Ressortleiter &#8222;Europapolitik&#8220;); V\u00d6: 18.08., 25.08., 01.09.2023.<\/p>\n\n\n\n<p><strong><a href=\"https:\/\/elearning.zewk.tu-berlin.de\/blog\/democratize-work\/2023\/06\/30\/25-sinnsuche-und-gewerkschaftliche-aktivierung-im-homeoffice\/\" data-type=\"post\" data-id=\"719\" target=\"_blank\" rel=\"noreferrer noopener\">#25 Sinnsuche und gewerkschaftliche Aktivierung im Homeoffice (zweiteilige Episode)<br><\/a><\/strong>G\u00e4ste: Prof. Dr. Friedericke Hardering (Fachhochschule M\u00fcnster) und Timo Elpelt (ver.di); V\u00d6: 24.06. &amp; 15.07.2023.<\/p>\n\n\n\n<p><strong><a href=\"https:\/\/elearning.zewk.tu-berlin.de\/blog\/democratize-work\/2023\/05\/05\/24-behinderung-inklusion-in-der-arbeitswelt\/\" data-type=\"post\" data-id=\"712\" target=\"_blank\" rel=\"noreferrer noopener\">#24 Behinderung &amp; Inklusion in der Arbeitswelt (zweiteilige Episode)<br><\/a><\/strong>G\u00e4ste: Anne Gersdorff (Sozialheld:innen e.V.) &amp; Prof. Dr. Gudrun Wansing (Humboldt-Universit\u00e4t Berlin); V\u00d6: 05.05. &amp; 12.05.2023.<\/p>\n\n\n\n<p><a href=\"https:\/\/elearning.zewk.tu-berlin.de\/blog\/democratize-work\/2022\/12\/23\/23-gruene-transformation\/\" target=\"_blank\" rel=\"noreferrer noopener\"><strong>#23 Gr\u00fcne Transformation: Zwischen Systemreform und Bruch (zweiteilige Episode)<\/strong><\/a><br>G\u00e4ste: Assoz.-Prof. Dr. habil. Stefanie H\u00fcrtgen (Paris Lodron Universit\u00e4t Salzburg) &amp; Frederik Moch (DGB Bundesvorstand); V\u00d6: 23.12. &amp; 30.12.2022.<\/p>\n\n\n\n<p><a href=\"https:\/\/elearning.zewk.tu-berlin.de\/blog\/democratize-work\/2022\/12\/13\/22-was-kommt-nach-der-kohle-strukturwandel-in-der-lausitz\/\" data-type=\"post\" data-id=\"478\" target=\"_blank\" rel=\"noreferrer noopener\"><strong>#22 Was kommt nach der Kohle? Strukturwandel in der <\/strong><\/a><a rel=\"noreferrer noopener\" href=\"https:\/\/elearning.zewk.tu-berlin.de\/blog\/democratize-work\/2022\/12\/13\/22-was-kommt-nach-der-kohle-strukturwandel-in-der-lausitz\/\" data-type=\"post\" data-id=\"478\" target=\"_blank\"><strong>Lausitz<\/strong><\/a><br>G\u00e4ste: Nele Techen (DGB Berlin-Brandenburg) &amp; Dr. David L\u00f6w Beer (IASS Potsdam); V\u00d6: 09.12.2022.<\/p>\n\n\n\n<p><a rel=\"noreferrer noopener\" href=\"https:\/\/elearning.zewk.tu-berlin.de\/blog\/democratize-work\/2022\/10\/07\/21-migrantische-beschaeftigte-und-gewerkschaften-frueher-heute\/\" data-type=\"post\" data-id=\"90\" target=\"_blank\"><strong>#21 \u201eGewerkschaften und migrantische Arbeit\u201c (zweiteilige Episode)<\/strong><br><\/a>G\u00e4ste: Prof. Dr. Lisa Carstensen (Universit\u00e4t Kassel) &amp; Ben Luig (EMWU, Projekt \u201eFaire Mobilit\u00e4t\u201c); V\u00d6: 07.10. &amp; 14.10.2022.<\/p>\n\n\n\n<p><strong><a href=\"https:\/\/elearning.zewk.tu-berlin.de\/blog\/democratize-work\/2022\/09\/09\/20-2-migrant-labour-and-organizing-in-the-platform-economy\/\" data-type=\"post\" data-id=\"88\" target=\"_blank\" rel=\"noreferrer noopener\">#20 Migrant Labour and Organizing in the Platform Economy (two-part episode)<\/a><\/strong><br>G\u00e4ste: Dr. Moritz Altenried (Humboldt-Universit\u00e4t Berlin) &amp; Gabriella L. (Gorillas Workers Collective); V\u00d6: 02.09. &amp; 09.09.2022.<\/p>\n\n\n\n<p><a rel=\"noreferrer noopener\" href=\"https:\/\/elearning.zewk.tu-berlin.de\/blog\/democratize-work\/2022\/07\/15\/19-mitbestimmung-fuer-das-21-jahrhundert-reform-des-betrverfg\/\" data-type=\"post\" data-id=\"84\" target=\"_blank\"><strong>#19 \u201eMitbestimmung f\u00fcr das 21. Jahrhundert\u201c<\/strong><br><\/a>G\u00e4ste: Dr. Johanna Wenckebach (Hugo Sinzheimer Institut f\u00fcr Arbeits- und Sozialrecht der Hans-B\u00f6ckler-Stiftung) &amp; Gabriel Stolz (Betriebsratsvorsitzender, Digitas Pixelpark); V\u00d6: 15.07.2022.<\/p>\n\n\n\n<p><a rel=\"noreferrer noopener\" href=\"https:\/\/elearning.zewk.tu-berlin.de\/blog\/democratize-work\/2022\/06\/10\/18-organizing-ii-die-wunden-punkte-ein-transatlantischer-blick\/\" data-type=\"post\" data-id=\"80\" target=\"_blank\"><strong>#18 \u201eOrganizing II: Die \u201awunden Punkte\u2018 &amp; ein transatlantischer Blick auf Gewerkschaft und Organisierung\u201c<\/strong><br><\/a>G\u00e4ste: Nina Scholz (Autorin, Deutsche Wohnen &amp; Co. enteignen) &amp; Jeffrey Raffo (Werkstatt Erschlie\u00dfung, ver.di NRW); V\u00d6: 10.06.2022.<\/p>\n\n\n\n<p><a rel=\"noreferrer noopener\" href=\"https:\/\/elearning.zewk.tu-berlin.de\/blog\/democratize-work\/2022\/05\/20\/17-organizing-und-soziale-berufe\/\" data-type=\"post\" data-id=\"82\" target=\"_blank\"><strong>#17 \u201eOrganizing und soziale Berufe: Mehr Bewegung in Betrieb &amp; Gewerkschaft\u201c<\/strong><br><\/a>G\u00e4ste: Michael Heldt (Initative OKG Organisieren-K\u00e4mpfen-Gewinnen) &amp; Fabian Schmidt (GEW Berlin); V\u00d6: 20.05.2022.<\/p>\n\n\n\n<p><a href=\"https:\/\/elearning.zewk.tu-berlin.de\/blog\/democratize-work\/2022\/04\/21\/16-wer-gibt-den-takt-vor-arbeitszeit-und-zeitwohlstand\/\" data-type=\"post\" data-id=\"78\" target=\"_blank\" rel=\"noreferrer noopener\"><strong>#16 \u201eWer gibt den Takt vor? Arbeitszeit, Zeitwohlstand und Demokratie im Betrieb\u201c<\/strong><br><\/a>G\u00e4ste: Gerrit von Jorck (Technische Universit\u00e4t Berlin) &amp; Klaus Mertens (Wiss. Mitarbeiter des Betriebsrats, ZF Friedrichshafen AG); V\u00d6: 21.04.2022.<\/p>\n\n\n\n<p><a href=\"https:\/\/elearning.zewk.tu-berlin.de\/blog\/democratize-work\/2022\/03\/08\/15-berliner-krankenhausbewegung\/\" data-type=\"post\" data-id=\"76\" target=\"_blank\" rel=\"noreferrer noopener\"><strong>#15 \u201eBerliner Krankenhausbewegung: Neue Formen der Beteiligung im Tarifkonflikt der Leistungstr\u00e4ger*innen\u201c<\/strong><br><\/a>G\u00e4ste: Prof. Dr. Nicole Mayer-Ahuja (Universit\u00e4t G\u00f6ttingen) &amp; Dana L\u00fctzkendorf (Berliner Krankenhausbewegung, Charit\u00e9 Berlin);<br>V\u00d6: 05.03.2022.<\/p>\n\n\n\n<p><a rel=\"noreferrer noopener\" href=\"https:\/\/elearning.zewk.tu-berlin.de\/blog\/democratize-work\/2022\/02\/12\/14-arbeiterinnenbewegung-von-rechts\/\" data-type=\"post\" data-id=\"74\" target=\"_blank\"><strong>#14 \u201eArbeiter*innenbewegung von \u201arechts\u2018?\u201c<\/strong><br><\/a>G\u00e4ste: Sandro Witt (DGB-Projekt \u201eDemokratiekompetenz im Betrieb\u201c) &amp; Dr. Thomas Goes (Soziologisches Forschungsinstitut \u2013 SOFI); V\u00d6: 12.02.2022.<\/p>\n\n\n\n<p><a rel=\"noreferrer noopener\" href=\"https:\/\/elearning.zewk.tu-berlin.de\/blog\/democratize-work\/2022\/01\/19\/13-der-staffelenderundumschlag\/\" data-type=\"post\" data-id=\"71\" target=\"_blank\"><strong>#13 Der Staffelenderundumschlag<\/strong><br><\/a>G\u00e4ste: Sonja Staack (Forum Neue Politik der Arbeit (FNPA) e.V.) &amp; Dr. Rolf Schmucker (Institut DGB-Index Gute Arbeit); V\u00d6: 19.01.2022.<\/p>\n\n\n\n<p><a href=\"https:\/\/elearning.zewk.tu-berlin.de\/blog\/democratize-work\/2021\/11\/27\/12-sorge-um-die-sorge-geschlecht-demokratie-und-arbeit-zusammen-gedacht\/\" data-type=\"post\" data-id=\"69\" target=\"_blank\" rel=\"noreferrer noopener\"><strong>#12 \u201e\u201aSorge um die Sorge\u2018: Geschlecht, Demokratie und Arbeit zusammen gedacht\u201c<\/strong><br><\/a>G\u00e4ste: PD Dr. Alexandra Scheele (Universit\u00e4t Bielefeld) &amp; Dr. Kristin Ideler (ver.di Hessen, Care Revolution Frankfurt a.M.); V\u00d6: 27.11.2021.<\/p>\n\n\n\n<p><a rel=\"noreferrer noopener\" href=\"https:\/\/elearning.zewk.tu-berlin.de\/blog\/democratize-work\/2021\/10\/16\/11-transnational-perspectives-on-democratizing-work\/\" data-type=\"post\" data-id=\"67\" target=\"_blank\"><strong>#11 \u201cTransnational Perspectives on Democratizing Work\u201d<\/strong><\/a> <br>G\u00e4ste: Dithhi Bhattacharya (Centre for Workers\u2018 Management, Delhi, India) &amp; Janina Hirth (TIE Internationales Bildungswerk e.V.); V\u00d6: 16.10.2021.<\/p>\n\n\n\n<p><strong><a rel=\"noreferrer noopener\" href=\"https:\/\/elearning.zewk.tu-berlin.de\/blog\/democratize-work\/2021\/09\/07\/10-agiles-arbeiten-selbstorganisierte-teams-als-keimzellen-von-demokratie-in-der-arbeit\/\" data-type=\"post\" data-id=\"65\" target=\"_blank\">#10 \u201eAgiles Arbeiten: Selbstorganisierte Teams als Keimzellen von Demokratie in der Arbeit?\u201c<\/a><\/strong><br>G\u00e4ste: Dr. Judith Neumer (Institut f\u00fcr sozialwissenschaftliche Forschung (ISF) M\u00fcnchen) &amp; J\u00fcrgen Kriependorf (T-Systems, Arbeitnehmer*innenvertreterin im Aufsichtsrat); V\u00d6: 07.09.2021.<\/p>\n\n\n\n<p><a href=\"https:\/\/elearning.zewk.tu-berlin.de\/blog\/democratize-work\/2021\/08\/06\/9-genossenschaften-kollektive-wie-praktizieren-sie-demokratie-im-arbeits-alltag\/\" data-type=\"post\" data-id=\"63\" target=\"_blank\" rel=\"noreferrer noopener\"><strong>#9 \u201eGenossenschaften &amp; Kollektive: Wie pra<\/strong><\/a><strong><a rel=\"noreferrer noopener\" href=\"https:\/\/elearning.zewk.tu-berlin.de\/blog\/democratize-work\/2021\/08\/06\/9-genossenschaften-kollektive-wie-praktizieren-sie-demokratie-im-arbeits-alltag\/\" data-type=\"post\" data-id=\"63\" target=\"_blank\">k<\/a><\/strong><a href=\"https:\/\/elearning.zewk.tu-berlin.de\/blog\/democratize-work\/2021\/08\/06\/9-genossenschaften-kollektive-wie-praktizieren-sie-demokratie-im-arbeits-alltag\/\" data-type=\"post\" data-id=\"63\"><strong>tizieren sie Demokratie im (Arbeits-)alltag?\u201c<\/strong><br><\/a>G\u00e4ste: Andy Wolff (Regenbogenfabrik Berlin), Prof. Dr. Irma Rybnikova (Hochschule Hamm-Lippstadt) &amp; Dr. Markus T\u00fcmpel (TU Chemnitz); V\u00d6: 06.08.2021.<\/p>\n\n\n\n<p><a rel=\"noreferrer noopener\" href=\"https:\/\/elearning.zewk.tu-berlin.de\/blog\/democratize-work\/2021\/07\/02\/8-wirtschaftsdemokratie-leitidee-konkrete-utopie-fuer-die-transformation-von-wirtschaft-gesellschaft-und-arbeit\/\" data-type=\"post\" data-id=\"61\" target=\"_blank\"><strong>#8 \u201eWirtschaftsdemokratie: Leitidee und konkrete Utopie f\u00fcr die Transformation von Wirtschaft, Gesellschaft und Arbeit?\u201c<\/strong> <\/a><br>G\u00e4ste: PD Dr. Hans-J\u00fcrgen Urban (IG Metall Bundesvorstand) &amp; Dr. Pascal Zwicky (Thinktank Denknetz, Schweiz); V\u00d6: 02.07.2021.<\/p>\n\n\n\n<p><strong><a rel=\"noreferrer noopener\" href=\"https:\/\/elearning.zewk.tu-berlin.de\/blog\/democratize-work\/2021\/06\/11\/7-klimakrise-was-tun-mit-transformationsraeten-zur-oeko-sozialen-wende-in-der-industrie\/\" data-type=\"post\" data-id=\"59\" target=\"_blank\">#7 \u201eKlimakrise, was tun?! Mit Transformationsr\u00e4ten zur \u00f6ko-sozialen Wende in der Industrie?\u201c<br><\/a><\/strong>G\u00e4ste: Julia Kaiser (Students for Future Berlin) &amp; Kai Burmeister (IG Metall Baden-W\u00fcrttemberg); V\u00d6: 11.06.2021.<\/p>\n\n\n\n<p><strong><a rel=\"noreferrer noopener\" href=\"https:\/\/elearning.zewk.tu-berlin.de\/blog\/democratize-work\/2021\/05\/07\/6-unsere-arbeit-unsere-app-unser-unternehmen-plattformkooperativen\/\" data-type=\"post\" data-id=\"57\" target=\"_blank\">#6 \u201eUnsere Arbeit, unsere App, unser Unternehmen! Mit Plattform-Kooperativen zu Selbstbestimmung &amp; Selbstverwaltung in der digitalen \u00d6konomie?\u201c<\/a><br><\/strong>G\u00e4ste: Dana Apitz (Lieferkooperative Khora) &amp; Jonas Pentzien (Institut f\u00fcr \u00f6kologische Wirtschaftsforschung \u2013 I\u00d6W, Berlin); V\u00d6: 07.05.2021.<\/p>\n\n\n\n<p><a href=\"https:\/\/elearning.zewk.tu-berlin.de\/blog\/democratize-work\/2021\/04\/09\/5-technologie-und-demokratie\/\" data-type=\"post\" data-id=\"46\" target=\"_blank\" rel=\"noreferrer noopener\"><strong>#5 \u201eTechnologie und Demokratie: Mit Zukunftstarifvertrag und Enterprise Social Software zu mehr Demokratie bei der Digitalisierung?\u201c<\/strong><br><\/a>G\u00e4ste: Miriam Kl\u00f6pper (FZI Forschungszentrum Informatik, Karlsruhe) &amp; Michael Paaries (Betriebsrat IKEA); V\u00d6: 09.04.2021.<\/p>\n\n\n\n<p><a href=\"https:\/\/elearning.zewk.tu-berlin.de\/blog\/democratize-work\/2021\/03\/05\/4-mitbestimmungswueste-plattformoekonomie\/\" data-type=\"post\" data-id=\"22\" target=\"_blank\" rel=\"noreferrer noopener\"><strong>#4 \u201eMitbestimmungsw\u00fcste Plattform\u00f6konomie: Wie k\u00f6nnen sich Besch\u00e4ftigte bei Lieferando &amp; Co. organisieren?\u201c<\/strong><br><\/a>G\u00e4ste: Jasmin Schreyer (Friedrich-Alexander-Universit\u00e4t Erlangen N\u00fcrnberg) &amp; Orry Mittenmeyer (Liefern am Limit); V\u00d6: 05.03.2021.<\/p>\n\n\n\n<p><strong><a href=\"https:\/\/elearning.zewk.tu-berlin.de\/blog\/democratize-work\/2021\/01\/28\/3\/\" data-type=\"post\" data-id=\"20\" target=\"_blank\" rel=\"noreferrer noopener\">#3 Unternehmensmitbestimmung: Wieviel Demokratie steckt in ihr und macht sie Entscheidungen nachhaltiger?<\/a><\/strong><br>G\u00e4ste: Bettina Haller (Siemens, Arbeitnehmer*innenvertreterin im Aufsichtsrat) &amp; Detlef Hensche (ver.di); V\u00d6: 28.01.2021.<\/p>\n\n\n\n<p><a rel=\"noreferrer noopener\" href=\"https:\/\/elearning.zewk.tu-berlin.de\/blog\/democratize-work\/2020\/12\/07\/2\/\" data-type=\"post\" data-id=\"15\" target=\"_blank\"><strong>#2 Wie viel Demokratie steckt in der betrieblichen Mitbestimmung?<\/strong><br><\/a>G\u00e4ste: Gottfried Dolinski (Betriebsrat) &amp; Prof. Dr. Ingrid Artus (Friedrich-Alexander-Universit\u00e4t Erlangen N\u00fcrnberg); V\u00d6: 07.12.2020.<\/p>\n\n\n\n<p><a rel=\"noreferrer noopener\" href=\"https:\/\/elearning.zewk.tu-berlin.de\/blog\/democratize-work\/2020\/11\/02\/1\/\" data-type=\"post\" data-id=\"10\" target=\"_blank\"><strong>#1 Warum mehr Demokratisierung in der Arbeitswelt wagen?<\/strong><br><\/a>G\u00e4ste: Prof. Dr. Lisa Herzog (Universit\u00e4t Groningen) &amp; Dierk Hirschel (ver.di); V\u00d6: 02.11.2020.<\/p>\n\n\n\n<p><\/p>\n","protected":false},"excerpt":{"rendered":"<p>Zwischen November 2020 und Juli 2024 haben wir 29 Folgen produziert und mit 59 Personen aus Wissenschaft und gewerkschaftlicher sowie betrieblicher Praxis gesprochen. Hier alle Folgen im \u00dcberblick. #29 Renaissance [&hellip;]<\/p>\n","protected":false},"author":279,"featured_media":0,"parent":0,"menu_order":0,"comment_status":"closed","ping_status":"open","template":"","meta":{"footnotes":""},"class_list":["post-2","page","type-page","status-publish","hentry"],"_links":{"self":[{"href":"https:\/\/elearning.zewk.tu-berlin.de\/blog\/democratize-work\/wp-json\/wp\/v2\/pages\/2"}],"collection":[{"href":"https:\/\/elearning.zewk.tu-berlin.de\/blog\/democratize-work\/wp-json\/wp\/v2\/pages"}],"about":[{"href":"https:\/\/elearning.zewk.tu-berlin.de\/blog\/democratize-work\/wp-json\/wp\/v2\/types\/page"}],"author":[{"embeddable":true,"href":"https:\/\/elearning.zewk.tu-berlin.de\/blog\/democratize-work\/wp-json\/wp\/v2\/users\/279"}],"replies":[{"embeddable":true,"href":"https:\/\/elearning.zewk.tu-berlin.de\/blog\/democratize-work\/wp-json\/wp\/v2\/comments?post=2"}],"version-history":[{"count":22,"href":"https:\/\/elearning.zewk.tu-berlin.de\/blog\/democratize-work\/wp-json\/wp\/v2\/pages\/2\/revisions"}],"predecessor-version":[{"id":823,"href":"https:\/\/elearning.zewk.tu-berlin.de\/blog\/democratize-work\/wp-json\/wp\/v2\/pages\/2\/revisions\/823"}],"wp:attachment":[{"href":"https:\/\/elearning.zewk.tu-berlin.de\/blog\/democratize-work\/wp-json\/wp\/v2\/media?parent=2"}],"curies":[{"name":"wp","href":"https:\/\/api.w.org\/{rel}","templated":true}]}}