{"id":583,"date":"2022-12-15T16:12:41","date_gmt":"2022-12-15T15:12:41","guid":{"rendered":"https:\/\/elearning.zewk.tu-berlin.de\/blog\/democratize-work\/?page_id=583"},"modified":"2022-12-19T14:16:20","modified_gmt":"2022-12-19T13:16:20","slug":"impressum-datenschutz","status":"publish","type":"page","link":"https:\/\/elearning.zewk.tu-berlin.de\/blog\/democratize-work\/impressum-datenschutz\/","title":{"rendered":"Impressum &amp; Datenschutzerkl\u00e4rung"},"content":{"rendered":"<h1>Impressum<\/h1>\n<h2>Gesamtverantwortung f\u00fcr die TU Berlin<\/h2>\n<p><b>Technische Universit\u00e4t Berlin<br \/>\n<\/b>Die Pr\u00e4sidentin<br \/>\nProf. Dr. Geraldine Rauch<br \/>\nStra\u00dfe des 17. Juni 135<br \/>\n10623 Berlin<br \/>\n<a class=\"intern\" href=\"http:\/\/www.tu-berlin.de\">www.tu-berlin.de<\/a><\/p>\n<p>Siehe auch das <a href=\"https:\/\/www.tu-berlin.de\/servicemenue\/impressum\/\">Impressum der zentralen Webseiten der TU Berlin<\/a>.<\/p>\n<h2>Redaktionelle Verantwortung f\u00fcr dieses Blog (V.i.S.d.P)<\/h2>\n<p><strong>Dr. Ulf Banscherus<\/strong><\/p>\n<p>Technische Universit\u00e4t Berlin<br \/>\nZentraleinrichtung Wissenschaftliche Weiterbildung und Kooperation (ZEWK)<br \/>\nKooperationsstelle Wissenschaft und Arbeitswelt<br \/>\nSekr. FH 10-1<br \/>\nFraunhoferstr. 33-36<br \/>\n10587 Berlin<\/p>\n<p>Tel.:\u00a0 +49 30 314-21181<br \/>\nE-Mail: <a href=\"mailto:ulf.banscherus@tu-berlin.de\">ulf.banscherus@tu-berlin.de<\/a><\/p>\n<h2>Datenschutzrechtliche Verantwortung f\u00fcr dieses Blog<\/h2>\n<p><strong>Annette Hiller<\/strong><br \/>\nBeh\u00f6rdliche Datenschutzbeauftragte der Technischen Universit\u00e4t Berlin<br \/>\n<strong>Dr. Mattis Neiling<\/strong><br \/>\nStellvertretender Datenschutzbeauftragter<\/p>\n<p>Stra\u00dfe des 17. Juni 135, 10623 Berlin, Raum: H 1038 + Raum H 1042<br \/>\nTel.:\u00a0 <strong>+49 30 314 21784<\/strong><br \/>\nE-Mail:<a href=\"mailto:info@datenschutz.tu-berlin.de\"> info@datenschutz.tu-berlin.de<\/a><\/p>\n<hr id=\"ccby\" \/>\n<h2>Copyright und Nutzungsbedingungen<\/h2>\n<div style=\"float: left;padding-right: 12px;padding-top: 6px\"><a href=\"http:\/\/creativecommons.org\/licenses\/by\/4.0\/\" target=\"_blank\" rel=\"license noopener noreferrer\"><img decoding=\"async\" class=\"alignnone\" style=\"border-width: 0\" src=\"https:\/\/blogs.tu-berlin.de\/datenschutz_notizen\/wp-content\/uploads\/sites\/148\/2020\/05\/88x31.png\" alt=\"Creative Commons Lizenzvertrag\" width=\"172\" \/><\/a><\/div>\n<p>Die Texte der Beitr\u00e4ge dieses Blogs sind lizenziert unter einer <a href=\"http:\/\/creativecommons.org\/licenses\/by\/4.0\/\" target=\"_blank\" rel=\"license noopener noreferrer\">Creative Commons Namensnennung 4.0 International Lizenz<\/a>, sofern es nicht bei einem Beitrag anders angegeben ist.<\/p>\n<p>Die Lizenz ersteckt sich <b>nicht<\/b> auf eventuell enthaltene Bilder, Graphiken und Screenshots, da f\u00fcr diese unter Umst\u00e4nden Urheberrechte Dritter bestehen.<\/p>\n<p>Sie k\u00f6nnen die Texte weiter verwenden, wenn Sie sie entsprechend der<a href=\"https:\/\/creativecommons.org\/licenses\/by\/4.0\/deed.de\" target=\"_blank\" rel=\"noopener noreferrer\"> CC-BY 4.0 Lizenzbedingungen<\/a> zitieren. Der Autor eines Beitrags muss nicht genannt werden, es gen\u00fcgt, den Namen des Blogs anzugeben.<\/p>\n<p>Wichtig sind hierbei:<\/p>\n<ul>\n<li>der Titel mit Link auf den Blog-Beitrag<\/li>\n<li>die Namensnennung des Blogs (gern mit Link auf die Startseite) sowie<\/li>\n<li>die Nennung und Verlinkung der Lizenz CC-BY 4.0.<\/li>\n<\/ul>\n<p>Sofern Sie textuelle Anpassungen vorgenommen haben, k\u00f6nnen Sie das zum Beispiel wie folgt vermerken:<\/p>\n<p>Der von &lt;IHR NAME\/WEBSEITE\/BLOG&gt; ver\u00f6ffentlichte Text basiert auf dem Blog-Beitrag: <a href=\"https:\/\/blogs.tu-berlin.de\/datenschutz_notizen\/2020\/05\/05\/was-ist-der-unterschied-zwischen-apps-programmen-browser-erweiterungen-und-web-apps\/\" rel=\"bookmark\">\u201eWas ist der Unterschied zwischen Apps, Programmen, Browser-Erweiterungen, Plugins und Web-Apps?\u201c<\/a> aus dem Blog <a href=\"https:\/\/blogs.tu-berlin.de\/datenschutz_notizen\/\">Datenschutz \u2013 Unter dem Radar<\/a>, <a href=\"https:\/\/creativecommons.org\/licenses\/by\/4.0\/\">CC BY 4.0<\/a>.<\/p>\n<hr id=\"ds\" \/>\n<h1>Datenschutzerkl\u00e4rung<\/h1>\n<p>Vielen Dank f\u00fcr Ihr Interesse an unserem Blog. Der Schutz der pers\u00f6nlichen Daten von Besuchern und Besucherinnen des Blogs ist uns sehr wichtig. Deshalb m\u00f6chten wir Sie hier \u00fcber den Datenschutz an unserer Universit\u00e4t informieren.<\/p>\n<p>Diese Datenschutzerkl\u00e4rung basiert auf der <a href=\"https:\/\/www.tu-berlin.de\/allgemeine_seiten\/datenschutz\/\">Datenschutzerkl\u00e4rung der zentralen Webseiten der TU Berlin<\/a> und ist in einzelnen Punkten an die Besonderheiten des Blogs angepasst \u2013 u.a. sind die Abschnitte zur Nutzungsdatenerfassung mit Matomo sowie die zur Google Suche obsolet.<\/p>\n<h3>Gegenstand des Datenschutzes<\/h3>\n<p>Der Datenschutz befasst sich mit personenbezogenen Daten. Diese sind nach Artikel 4 Nr. 1 der Europ\u00e4ischen Datenschutzgrundverordnung (DSGVO) alle Informationen, die sich auf eine identifizierte oder identifizierbare nat\u00fcrliche Person beziehen, also alle Informationen, die dazu genutzt werden k\u00f6nnen, Sie zu identifizieren. Hierunter fallen z.B. Angaben wie Name, Privat-Adresse, E-Mail-Adresse oder Telefonnummer, aber auch Nutzungsdaten wie Ihre IP-Adresse.<\/p>\n<p>Selbstverst\u00e4ndlich beachtet die Technische Universit\u00e4t Berlin die gesetzlichen Bestimmungen zum Datenschutz und andere rechtliche Bestimmungen und Vorgaben.<\/p>\n<p>Wir tun alles daf\u00fcr, dass Sie uns bez\u00fcglich Ihrer pers\u00f6nlichen Daten vertrauen k\u00f6nnen. So erfolgt die \u00dcbertragung personenbezogener und sensibler Daten verschl\u00fcsselt. Zus\u00e4tzlich sind unsere Webseiten durch technische Ma\u00dfnahmen gegen Besch\u00e4digungen oder unberechtigten Zugriff gesch\u00fctzt.<\/p>\n<h2>Allgemeiner Datenschutzhinweis<\/h2>\n<p>(1) Wenn Sie diesen Blog aufrufen oder Daten dieser Seiten herunterladen, werden Informationen\u00a0 hier\u00fcber in einer Logdatei mit folgendem Inhalt gespeichert: Ihre\u00a0 IP-Adresse, das Datum und die Uhrzeit des Seitenaufrufs, die aufgerufene\u00a0 Seite bzw. der Name der abgerufenen Datei, die \u00fcbertragene Datenmenge,\u00a0 der \u201eUser Agent-String\u201c Ihres Webbrowsers, die Webseite, von der aus Sie die aktuelle Seite oder Datei aufgerufen haben, und die Statusmeldung, ob der Zugriff bzw. Abruf erfolgreich war. Die nicht anonymisierten Logdaten werden nach 1 Monat automatisch gel\u00f6scht und nicht archiviert.<abbr title=\"Technische Universit\u00e4t Berlin\"><\/abbr><\/p>\n<p>(2) Diese Daten werden ausschlie\u00dflich zu nichtkommerziellen Zwecken genutzt: sie werden nur im Bedarfsfall manuell eingesehen und zur Fehleranalyse, Optimierung oder Untersuchung von Missbrauchsf\u00e4llen oder Performance-Engp\u00e4ssen verwendet.<\/p>\n<p>(3) Zur Datenerhebung und -speicherung setzen wir zus\u00e4tzlich Cookies ein. Cookies sind kleine Datenpakete, die aus Text bestehen und von Ihrem Webbrowser beim Aufruf einer Webseite gespeichert werden. Sie richten auf Ihrem Endger\u00e4t keinen Schaden an \u2013 Cookies enthalten weder Viren noch geben sie uns die M\u00f6glichkeit, Sie auszusp\u00e4hen. Wir verwenden zwei Arten von Cookies: tempor\u00e4re und permanente Cookies. Tempor\u00e4re Cookies werden mit dem Schlie\u00dfen Ihres Webbrowsers automatisch gel\u00f6scht (Session-Cookies). Dauerhafte Cookies haben dagegen eine maximale Lebensdauer \u2013 bei uns bis zu einem Tag.<\/p>\n<p>Cookies werden von uns eingesetzt, um den Besuchern und Redakteuren eine optimale Nutzung der Webseiten zu erm\u00f6glichen. Die eingesetzten Cookies werden in keinem Fall zur Nachverfolgung von personenbezogenen Nutzeraktionen oder zur Verhaltensanalyse verwendet. Sie werden ausschlie\u00dflich dort eingesetzt, wo sie technisch notwendig bzw. sinnvoller als andere Techniken sind, so z.B. bei der Erfassung des Login-Status von BenutzerInnen und RedakteurInnen oder dem Speichern von Informationen wie \u201eMobile Variante der Webseite anzeigen\u201c. Die Nutzung der Webseiten ist \u00fcberwiegend auch ohne die Verwendung von Cookies m\u00f6glich. F\u00fcr Funktionen bzw. Seiten, die eine Anmeldung ben\u00f6tigen, ist der Einsatz von Cookies jedoch erforderlich. Sie k\u00f6nnen Ihren Webbrowser so einstellen, dass bereits abgelegte Cookies gel\u00f6scht werden.<\/p>\n<h3>Umfang der Datenerhebung und -speicherung<\/h3>\n<p>Unseren Umgang mit personenbezogenen Verkehrsdaten entnehmen Sie bitte dem \u201eAllgemeinen Datenschutzhinweis\u201c (oben, bez\u00fcglich Logdaten und Cookies).<\/p>\n<p>F\u00fcr die Nutzung unserer Webseiten ist die aktive Mitteilung Ihrer personenbezogenen Daten \u00fcberwiegend nicht erforderlich.<\/p>\n<p>Damit die TU Berlin ihren Dienstleistungsauftrag erf\u00fcllen k\u00f6nnen, ben\u00f6tigen wir im Einzelfall spezielle personenbezogenen Daten. Dies gilt insbesondere f\u00fcr die Beantwortung individueller E-Mail-Anfragen, die Bestellung spezieller Dienste oder Bewerbungen.<\/p>\n<p>Wenn Sie uns mit der Erbringung einer Dienstleistung beauftragen, erheben und speichern wir Ihre pers\u00f6nlichen Daten grunds\u00e4tzlich nur, soweit es f\u00fcr die Erbringung des Dienstes notwendig ist.<\/p>\n<p>In Ausnahmef\u00e4llen z.B. im Rahmen von Veranstaltungsanmeldungen, werden Sie gefragt, ob Ihre Daten zwecks Information \u00fcber \u00e4hnliche Veranstaltungen \u00fcber die f\u00fcr die reine Veranstaltungsabwicklung hinaus gespeichert werden d\u00fcrfen. Hier entstehen Ihnen durch die Ablehnung keinerlei Nachteile.<\/p>\n<p><strong>Sie k\u00f6nnen jederzeit und ohne Angaben von Gr\u00fcnden Ihr einmal erteiltes Einverst\u00e4ndnis widerrufen und die L\u00f6schung Ihrer Daten verlangen.<\/strong><\/p>\n<p>Wenn Sie sich mit Ihrer E-Mail-Adresse f\u00fcr einen unseren Newsletter angemeldet haben, nutzen wir solange Ihre E-Mail-Adresse, um Sie im Rahmen des Newsletters zu informieren, bis Sie sich vom Newsletter-Bezug abmelden.<\/p>\n<h3>Ort der Speicherung und zweckgebundene Datenverwendung<\/h3>\n<p>Wir erheben, verarbeiten und speichern Ihre personenbezogenen Daten ausschlie\u00dflich <abbr title=\"Technische Universit\u00e4t Berlin\">TUB<\/abbr>-intern (i.d.R. im Rechenzentrum der <abbr title=\"Technische Universit\u00e4t Berlin\">TUB<\/abbr>) nur f\u00fcr den Zweck, f\u00fcr den Sie sie uns mitgeteilt haben und beachten damit den Grundsatz der zweckgebundenen Datenverwendung. Es erfolgt ohne Ihre ausdr\u00fcckliche Einwilligung keine Weitergabe Ihrer pers\u00f6nlichen Daten an Dritte, sofern dies nicht zur Erbringung der Dienstleistung oder zur Vertragsdurchf\u00fchrung notwendig ist. Auch die \u00dcbermittlung an auskunftsverlangende staatliche Institutionen und Beh\u00f6rden erfolgt nur im Rahmen der gesetzlichen Auskunftspflichten bzw. wenn wir durch eine gerichtliche Entscheidung zur Auskunft verpflichtet werden.<\/p>\n<p>Wir nehmen auch den Universit\u00e4ts-internen Datenschutz sehr ernst. Unsere Mitarbeiter und Mitarbeiterinnen sowie die von uns ggf. beauftragten Dienstleistungsunternehmen sind von uns zur Verschwiegenheit und zur Einhaltung der datenschutzrechtlichen Bestimmungen verpflichtet.<\/p>\n<h3>Auskunftsrecht<\/h3>\n<p>Sie erhalten jederzeit ohne Angabe von Gr\u00fcnden kostenfrei Auskunft \u00fcber Ihre bei uns gespeicherten Daten. Hierzu wenden Sie sich bitte an die im Impressum angegebene Kontaktadresse. Gerne stehen wir Ihnen f\u00fcr weitergehende Fragen zu unseren Datenschutzhinweisen zur Verf\u00fcgung.<\/p>\n<p><strong>Beschwerderecht<\/strong><\/p>\n<p>Sollten Sie Anhaltspunkte daf\u00fcr erkennen, dass wir mit Ihren Daten nicht datenschutzgerecht umgehen, k\u00f6nnen Sie sich jederzeit an die beh\u00f6rdliche Datenschutzbeauftragte der Technische Universit\u00e4t Berlin wenden:<\/p>\n<p><strong>Annette Hiller<\/strong><br \/>\n<strong>Beh\u00f6rdliche Datenschutzbeauftragte der Technischen Universit\u00e4t Berlin<\/strong><br \/>\n<strong>Stra\u00dfe des 17. Juni 135, 10623 Berlin,<\/strong><br \/>\n<strong>Raum H 1038<\/strong><\/p>\n<p><strong>Tel.:\u00a0 +49 30 314 21784<\/strong><br \/>\n<strong>Fax:\u00a0 +49 30 314 28033<\/strong><\/p>\n<p><strong>E-Mail: <\/strong><strong><a href=\"https:\/\/www.tu-berlin.de\/allgemeine_seiten\/e_mail_anfrage\/id\/141314\/?no_cache=1&amp;ask_mail=Xk030gAByts%2Fgo7m95K%2BmMocGsCd%2FjpRzAPuh4U0qeUApW8uKowc%2BA%3D%3D&amp;ask_name=INFO\">info@datenschutz.tu-berlin.de<\/a><\/strong><\/p>\n<p>Nat\u00fcrlich steht Ihnen auf das Recht zu, sich an die Aufsichtsbeh\u00f6rde zu wenden:<\/p>\n<p><strong>Berliner Beauftragte f\u00fcr Datenschutz und Informationsfreiheit <\/strong><\/p>\n<p><span id=\"page3R_mcid13\" class=\"markedContent\"><span dir=\"ltr\" role=\"presentation\">Alt<\/span><span dir=\"ltr\" role=\"presentation\">\u2013<\/span><span dir=\"ltr\" role=\"presentation\">Moabit 59<\/span><span dir=\"ltr\" role=\"presentation\">\u2013<\/span><span dir=\"ltr\" role=\"presentation\">61<\/span><br role=\"presentation\" \/><span dir=\"ltr\" role=\"presentation\">10555<\/span> <span dir=\"ltr\" role=\"presentation\">Berlin<\/span><\/span><\/p>\n<p><strong>Tel.: +49 30 13889-0<\/strong><br \/>\nFax: +49 30 2155050<\/p>\n<p>E-Mail: <a href=\"https:\/\/www.tu-berlin.de\/allgemeine_seiten\/e_mail_anfrage\/id\/141314\/?no_cache=1&amp;ask_mail=Xk030gAB%2BZ7lN9UUC%2FewATW8FWLWUHeDE%2FDDpIdFe74fH7WYFRXpeA%3D%3D&amp;ask_name=MAILBOX\"><strong>mailbox@datenschutz-berlin.de<\/strong><\/a><\/p>\n<h2>Einbindung des Podigee-Players f\u00fcr die Ver\u00f6ffentlichung und das Hosting unserer Podcasts<\/h2>\n<div>\n<div>\n<div>\n<div>Wir nutzen den Podcast-Hosting-Dienst Podigee des Anbieters Podigee GmbH, Schlesische Stra\u00dfe 20, 10997 Berlin, Deutschland. Die Podcasts werden dabei von Podigee geladen oder \u00fcber Podigee \u00fcbertragen.<\/p>\n<p>Die Nutzung erfolgt auf Grundlage unserer berechtigten Interessen, d.h. Interesse an einer sicheren und effizienten Bereitstellung, Analyse sowie Optimierung unseres Podcastangebotes gem. Art. 6 Abs. 1 lit. f. DSGVO.<\/p>\n<p>Podigee verarbeitet IP-Adressen und Ger\u00e4teinformationen, um Podcast-Downloads\/Wiedergaben zu erm\u00f6glichen und statistische Daten, wie z.B. Abrufzahlen zu ermitteln. Diese Daten werden vor der Speicherung in der Datenbank von Podigee anonymisiert oder pseudonymisiert, sofern Sie f\u00fcr die Bereitstellung der Podcasts nicht erforderlich sind.<\/p>\n<p>Weitere Informationen und Widerspruchsm\u00f6glichkeiten finden sich in der Datenschutzerkl\u00e4rung von Podigee:\u00a0 <a href=\"https:\/\/www.podigee.com\/de\/about\/privacy\/\">https:\/\/www.podigee.com\/de\/about\/privacy\/<\/a>.<\/p>\n<\/div>\n<\/div>\n<\/div>\n<\/div>\n<p><!-- .entry-content --><\/p>\n","protected":false},"excerpt":{"rendered":"<p>Impressum Gesamtverantwortung f\u00fcr die TU Berlin Technische Universit\u00e4t Berlin Die Pr\u00e4sidentin Prof. Dr. Geraldine Rauch Stra\u00dfe des 17. Juni 135 10623 Berlin www.tu-berlin.de Siehe auch das Impressum der zentralen Webseiten [&hellip;]<\/p>\n","protected":false},"author":279,"featured_media":0,"parent":0,"menu_order":0,"comment_status":"closed","ping_status":"closed","template":"","meta":{"footnotes":""},"class_list":["post-583","page","type-page","status-publish","hentry"],"_links":{"self":[{"href":"https:\/\/elearning.zewk.tu-berlin.de\/blog\/democratize-work\/wp-json\/wp\/v2\/pages\/583"}],"collection":[{"href":"https:\/\/elearning.zewk.tu-berlin.de\/blog\/democratize-work\/wp-json\/wp\/v2\/pages"}],"about":[{"href":"https:\/\/elearning.zewk.tu-berlin.de\/blog\/democratize-work\/wp-json\/wp\/v2\/types\/page"}],"author":[{"embeddable":true,"href":"https:\/\/elearning.zewk.tu-berlin.de\/blog\/democratize-work\/wp-json\/wp\/v2\/users\/279"}],"replies":[{"embeddable":true,"href":"https:\/\/elearning.zewk.tu-berlin.de\/blog\/democratize-work\/wp-json\/wp\/v2\/comments?post=583"}],"version-history":[{"count":8,"href":"https:\/\/elearning.zewk.tu-berlin.de\/blog\/democratize-work\/wp-json\/wp\/v2\/pages\/583\/revisions"}],"predecessor-version":[{"id":626,"href":"https:\/\/elearning.zewk.tu-berlin.de\/blog\/democratize-work\/wp-json\/wp\/v2\/pages\/583\/revisions\/626"}],"wp:attachment":[{"href":"https:\/\/elearning.zewk.tu-berlin.de\/blog\/democratize-work\/wp-json\/wp\/v2\/media?parent=583"}],"curies":[{"name":"wp","href":"https:\/\/api.w.org\/{rel}","templated":true}]}}