{"id":11,"date":"2014-08-29T01:35:07","date_gmt":"2014-08-28T23:35:07","guid":{"rendered":"http:\/\/wp\/?page_id=11"},"modified":"2022-05-02T12:38:37","modified_gmt":"2022-05-02T10:38:37","slug":"ueberdasprojekt","status":"publish","type":"page","link":"https:\/\/elearning.zewk.tu-berlin.de\/blog\/studieren-ohne-abitur\/ueberdasprojekt\/","title":{"rendered":"\u00dcber uns"},"content":{"rendered":"\n<style type=\"text\/css\" data-created_by=\"avia_inline_auto\" id=\"style-css-av-66c6b-eef589a71320d95f66bdc1d79311c6cf\">\n.avia-section.av-66c6b-eef589a71320d95f66bdc1d79311c6cf{\nbackground-color:#ea4949;\n}\n.avia-section.av-66c6b-eef589a71320d95f66bdc1d79311c6cf .av-extra-border-element .av-extra-border-inner{\nbackground-color:#ea4949;\n}\n<\/style>\n<div id='av_section_1'  class='avia-section av-66c6b-eef589a71320d95f66bdc1d79311c6cf main_color avia-section-default avia-no-border-styling  avia-builder-el-0  el_before_av_layout_row  avia-builder-el-first  avia-bg-style-scroll av-arrow-down-section av-minimum-height av-minimum-height-custom  container_wrap sidebar_right'  ><div class='container av-section-cont-open' style='height:430px'><main  role=\"main\" itemprop=\"mainContentOfPage\"  class='template-page content  av-content-small alpha units'><div class='post-entry post-entry-type-page post-entry-11'><div class='entry-content-wrapper clearfix'>\n\n<style type=\"text\/css\" data-created_by=\"avia_inline_auto\" id=\"style-css-av-5ryyv-162395f7fecb6cac98afe8159037b6c1\">\n#top .av-special-heading.av-5ryyv-162395f7fecb6cac98afe8159037b6c1{\npadding-bottom:40px;\ncolor:#ffffff;\nfont-size:50px;\n}\nbody .av-special-heading.av-5ryyv-162395f7fecb6cac98afe8159037b6c1 .av-special-heading-tag .heading-char{\nfont-size:25px;\n}\n#top #wrap_all .av-special-heading.av-5ryyv-162395f7fecb6cac98afe8159037b6c1 .av-special-heading-tag{\nfont-size:50px;\n}\n.av-special-heading.av-5ryyv-162395f7fecb6cac98afe8159037b6c1 .special-heading-inner-border{\nborder-color:#ffffff;\n}\n.av-special-heading.av-5ryyv-162395f7fecb6cac98afe8159037b6c1 .av-subheading{\nfont-size:20px;\n}\n\n@media only screen and (min-width: 768px) and (max-width: 989px){ \n#top #wrap_all .av-special-heading.av-5ryyv-162395f7fecb6cac98afe8159037b6c1 .av-special-heading-tag{\nfont-size:40px;\n}\n}\n\n@media only screen and (min-width: 480px) and (max-width: 767px){ \n#top #wrap_all .av-special-heading.av-5ryyv-162395f7fecb6cac98afe8159037b6c1 .av-special-heading-tag{\nfont-size:30px;\n}\n}\n\n@media only screen and (max-width: 479px){ \n#top #wrap_all .av-special-heading.av-5ryyv-162395f7fecb6cac98afe8159037b6c1 .av-special-heading-tag{\nfont-size:20px;\n}\n}\n<\/style>\n<div  class='av-special-heading av-5ryyv-162395f7fecb6cac98afe8159037b6c1 av-special-heading-h1 custom-color-heading blockquote modern-quote  avia-builder-el-1  avia-builder-el-no-sibling  av-inherit-size'><h1 class='av-special-heading-tag'  itemprop=\"headline\"  >\u00dcber uns<\/h1><div class='av_custom_color av-subheading av-subheading_below'><p>Das Projekt &#8218;Studieren ohne Abitur in Berlin&#8216;<\/p>\n<\/div><div class=\"special-heading-border\"><div class=\"special-heading-inner-border\"><\/div><\/div><\/div>\n\n<\/div><\/div><\/main><!-- close content main element --><\/div><div class='av-extra-border-element border-extra-arrow-down'><div class='av-extra-border-outer'><div class='av-extra-border-inner'><\/div><\/div><\/div><\/div><div id='av-layout-grid-1'  class='av-layout-grid-container av-6zbj-6d6f7d2ce2eed6ddc7b2c67b352c0c9a entry-content-wrapper main_color av-flex-cells av-break-at-tablet  avia-builder-el-2  el_after_av_section  el_before_av_section  grid-row-not-first  container_wrap sidebar_right'  >\n\n<style type=\"text\/css\" data-created_by=\"avia_inline_auto\" id=\"style-css-av-68e3-7e63b34a0eda734f50122278c468081d\">\n.flex_cell.av-68e3-7e63b34a0eda734f50122278c468081d{\nvertical-align:middle;\npadding:80px 80px 80px 80px;\n}\n<\/style>\n<div class='flex_cell av_one_third av-68e3-7e63b34a0eda734f50122278c468081d no_margin  avia-builder-el-3  el_before_av_cell_one_third  avia-builder-el-first ' ><div class='flex_cell_inner'>\n<style type=\"text\/css\" data-created_by=\"avia_inline_auto\" id=\"style-css-av-kxd4se6f-1479d16dc596ece63f2e6d2d67a5cabe\">\n#top .av_textblock_section.av-kxd4se6f-1479d16dc596ece63f2e6d2d67a5cabe .avia_textblock{\ntext-align:center;\n}\n<\/style>\n<section  class='av_textblock_section av-kxd4se6f-1479d16dc596ece63f2e6d2d67a5cabe'  itemscope=\"itemscope\" itemtype=\"https:\/\/schema.org\/CreativeWork\" ><div class='avia_textblock'  itemprop=\"text\" ><p style=\"text-align: center\">Die Webseite <strong>studieren-ohne-abitur.berlin<\/strong> gibt einen \u00dcberblick \u00fcber die m\u00f6glichen Zugangswege aus der beruflichen Bildung in ein Hochschulstudium und zeigt die Rahmenbedingungen f\u00fcr ein (weiterf\u00fchrendes) Studium f\u00fcr beruflich qualifizierte Fachkr\u00e4fte auf. Das Webangebot entstand im Rahmen des Masterplans \u201eIndustriestadt Berlin\u201c, einer gemeinsamen Strategie des Berliner Senats, des Netzwerks Industriepolitik sowie Partner*innen aus Wirtschaft und Wissenschaft und versteht sich als Erg\u00e4nzung zur gleichnamigen <a href=\"http:\/\/elearning.zewk.tu-berlin.de\/blog\/studieren-ohne-abitur\/wp-content\/uploads\/sites\/55\/2022\/03\/Broschuere_StudierenOhneAbiturInBerlin.pdf\">Brosch\u00fcre.<\/a><\/p>\n<p style=\"text-align: center\">\n<\/div><\/section><br \/>\n<section  class='av_textblock_section av-15o5v-60b54dd15c5a82489ecc6c7904a1bb95'  itemscope=\"itemscope\" itemtype=\"https:\/\/schema.org\/CreativeWork\" ><div class='avia_textblock'  itemprop=\"text\" ><p style=\"text-align: center\">Das Projekt wird von der Kooperationsstelle Wissenschaft und Arbeitswelt in der Zentraleinrichtung Wissenschaftliche Weiterbildung und Kooperation (ZEWK) der Technischen Universit\u00e4t Berlin durchgef\u00fchrt in Zusammenarbeit mit der Senatsverwaltung f\u00fcr Integration, Arbeit und Soziales, der Industrie- und Handelskammer (IHK) zu Berlin, der Handwerkskammer (HWK) Berlin, der Vereinigung der Unternehmensverb\u00e4nde in Berlin und Brandenburg (UVB), dem Bezirk Berlin-Brandenburg des Deutschen Gewerkschaftsbundes (DGB) sowie der Regionaldirektion Berlin-Brandenburg der Bundesagentur f\u00fcr Arbeit (RD BB). Gef\u00f6rdert wird es durch die Senatsverwaltung f\u00fcr Wirtschaft, Energie und Betriebe.<\/p>\n<\/div><\/section><\/p>\n<\/div><\/div>\n<style type=\"text\/css\" data-created_by=\"avia_inline_auto\" id=\"style-css-av-kxdgdy9y-8d18f24ab604d2444b858a235929c839\">\n.flex_cell.av-kxdgdy9y-8d18f24ab604d2444b858a235929c839{\nvertical-align:middle;\npadding:180px 80px 180px 80px;\nbackground:url(https:\/\/elearning.zewk.tu-berlin.de\/blog\/studieren-ohne-abitur\/wp-content\/uploads\/sites\/55\/2021\/11\/pexels-kateryna-babaieva-2760241-scaled.jpg) 50% 50% no-repeat scroll ;\n}\n<\/style>\n<div class='flex_cell av_one_third av-kxdgdy9y-8d18f24ab604d2444b858a235929c839 no_margin  avia-builder-el-6  el_after_av_cell_one_third  el_before_av_cell_one_third  avia-full-stretch' ><div class='flex_cell_inner'><\/div><\/div>\n<style type=\"text\/css\" data-created_by=\"avia_inline_auto\" id=\"style-css-av-kytyxjwe-c316599c3a08234f868b3290d8f67e80\">\n.flex_cell.av-kytyxjwe-c316599c3a08234f868b3290d8f67e80{\nvertical-align:middle;\npadding:0 80px 0 80px;\n}\n<\/style>\n<div class='flex_cell av_one_third av-kytyxjwe-c316599c3a08234f868b3290d8f67e80 no_margin  avia-builder-el-7  el_after_av_cell_one_third  avia-builder-el-last  avia-full-contain' ><div class='flex_cell_inner'><p>\n<style type=\"text\/css\" data-created_by=\"avia_inline_auto\" id=\"style-css-av-rt37-fd4384aeaaa9654d1ffceac8a4fc3db8\">\n#top .hr.hr-invisible.av-rt37-fd4384aeaaa9654d1ffceac8a4fc3db8{\nheight:25px;\n}\n<\/style>\n<div  class='hr av-rt37-fd4384aeaaa9654d1ffceac8a4fc3db8 hr-invisible  avia-builder-el-8  el_before_av_image  avia-builder-el-first '><span class='hr-inner '><span class=\"hr-inner-style\"><\/span><\/span><\/div><br \/>\n\n<style type=\"text\/css\" data-created_by=\"avia_inline_auto\" id=\"style-css-av-l06psby6-c5b8b0dcc5cf058882a1537fbd009955\">\n.avia-image-container.av-l06psby6-c5b8b0dcc5cf058882a1537fbd009955 .av-image-caption-overlay-center{\ncolor:#ffffff;\n}\n<\/style>\n<div  class='avia-image-container av-l06psby6-c5b8b0dcc5cf058882a1537fbd009955 av-styling- avia-align-center  avia-builder-el-9  el_after_av_hr  el_before_av_image '  itemprop=\"image\" itemscope=\"itemscope\" itemtype=\"https:\/\/schema.org\/ImageObject\" ><div class=\"avia-image-container-inner\"><div class=\"avia-image-overlay-wrap\"><img decoding=\"async\" class='wp-image-1771 avia-img-lazy-loading-not-1771 avia_image' src=\"https:\/\/elearning.zewk.tu-berlin.de\/blog\/studieren-ohne-abitur\/wp-content\/uploads\/sites\/55\/2022\/02\/logos-1030x952.jpg\" alt='' title='logos'  height=\"952\" width=\"1030\"  itemprop=\"thumbnailUrl\" srcset=\"https:\/\/elearning.zewk.tu-berlin.de\/blog\/studieren-ohne-abitur\/wp-content\/uploads\/sites\/55\/2022\/02\/logos-1030x952.jpg 1030w, https:\/\/elearning.zewk.tu-berlin.de\/blog\/studieren-ohne-abitur\/wp-content\/uploads\/sites\/55\/2022\/02\/logos-300x277.jpg 300w, https:\/\/elearning.zewk.tu-berlin.de\/blog\/studieren-ohne-abitur\/wp-content\/uploads\/sites\/55\/2022\/02\/logos-768x710.jpg 768w, https:\/\/elearning.zewk.tu-berlin.de\/blog\/studieren-ohne-abitur\/wp-content\/uploads\/sites\/55\/2022\/02\/logos-705x652.jpg 705w, https:\/\/elearning.zewk.tu-berlin.de\/blog\/studieren-ohne-abitur\/wp-content\/uploads\/sites\/55\/2022\/02\/logos.jpg 1232w\" sizes=\"(max-width: 1030px) 100vw, 1030px\" \/><\/div><\/div><\/div><br \/>\n\n<style type=\"text\/css\" data-created_by=\"avia_inline_auto\" id=\"style-css-av-l06pxsw2-cfa15774e9650fbbd3ecc5c3167d1c18\">\n.avia-image-container.av-l06pxsw2-cfa15774e9650fbbd3ecc5c3167d1c18 .av-image-caption-overlay-center{\ncolor:#ffffff;\n}\n<\/style>\n<div  class='avia-image-container av-l06pxsw2-cfa15774e9650fbbd3ecc5c3167d1c18 av-styling-no-styling avia-align-center  avia-builder-el-10  el_after_av_image  el_before_av_hr '  itemprop=\"image\" itemscope=\"itemscope\" itemtype=\"https:\/\/schema.org\/ImageObject\" ><div class=\"avia-image-container-inner\"><div class=\"avia-image-overlay-wrap\"><img decoding=\"async\" class='wp-image-1780 avia-img-lazy-loading-not-1780 avia_image' src=\"https:\/\/elearning.zewk.tu-berlin.de\/blog\/studieren-ohne-abitur\/wp-content\/uploads\/sites\/55\/2022\/02\/masterplan_industriestadt_logo_2021_rot-300x107.png\" alt='' title='masterplan_industriestadt_logo_2021_rot'  height=\"107\" width=\"300\"  itemprop=\"thumbnailUrl\" srcset=\"https:\/\/elearning.zewk.tu-berlin.de\/blog\/studieren-ohne-abitur\/wp-content\/uploads\/sites\/55\/2022\/02\/masterplan_industriestadt_logo_2021_rot-300x107.png 300w, https:\/\/elearning.zewk.tu-berlin.de\/blog\/studieren-ohne-abitur\/wp-content\/uploads\/sites\/55\/2022\/02\/masterplan_industriestadt_logo_2021_rot-1030x368.png 1030w, https:\/\/elearning.zewk.tu-berlin.de\/blog\/studieren-ohne-abitur\/wp-content\/uploads\/sites\/55\/2022\/02\/masterplan_industriestadt_logo_2021_rot-768x274.png 768w, https:\/\/elearning.zewk.tu-berlin.de\/blog\/studieren-ohne-abitur\/wp-content\/uploads\/sites\/55\/2022\/02\/masterplan_industriestadt_logo_2021_rot-705x252.png 705w, https:\/\/elearning.zewk.tu-berlin.de\/blog\/studieren-ohne-abitur\/wp-content\/uploads\/sites\/55\/2022\/02\/masterplan_industriestadt_logo_2021_rot.png 1400w\" sizes=\"(max-width: 300px) 100vw, 300px\" \/><\/div><\/div><\/div><br \/>\n\n<style type=\"text\/css\" data-created_by=\"avia_inline_auto\" id=\"style-css-av-l0s4vojf-7113291fc3d07c5e94e11699b59ae95d\">\n#top .hr.hr-invisible.av-l0s4vojf-7113291fc3d07c5e94e11699b59ae95d{\nheight:25px;\n}\n<\/style>\n<div  class='hr av-l0s4vojf-7113291fc3d07c5e94e11699b59ae95d hr-invisible  avia-builder-el-11  el_after_av_image  avia-builder-el-last '><span class='hr-inner '><span class=\"hr-inner-style\"><\/span><\/span><\/div><\/p>\n<\/div><\/div>\n<\/div>\n\n<style type=\"text\/css\" data-created_by=\"avia_inline_auto\" id=\"style-css-av-kxentlq9-bbb94dec28e2cf692d4093606c8230ff\">\n.avia-section.av-kxentlq9-bbb94dec28e2cf692d4093606c8230ff{\nbackground-color:#ea4949;\n}\n.avia-section.av-kxentlq9-bbb94dec28e2cf692d4093606c8230ff .av-extra-border-element .av-extra-border-inner{\nbackground-color:#ea4949;\n}\n<\/style>\n<div id='av_section_2'  class='avia-section av-kxentlq9-bbb94dec28e2cf692d4093606c8230ff main_color avia-section-default avia-no-border-styling  avia-builder-el-12  el_after_av_layout_row  el_before_av_layout_row  avia-bg-style-scroll av-arrow-down-section container_wrap sidebar_right'  ><div class='container av-section-cont-open' ><div class='template-page content  av-content-small alpha units'><div class='post-entry post-entry-type-page post-entry-11'><div class='entry-content-wrapper clearfix'>\n<\/div><\/div><\/div><!-- close content main div --><\/div><div class='av-extra-border-element border-extra-arrow-down'><div class='av-extra-border-outer'><div class='av-extra-border-inner'><\/div><\/div><\/div><\/div><div id='av-layout-grid-2'  class='av-layout-grid-container av-26qhz-856b11dbb8833202fe1741d920a4a0cb entry-content-wrapper main_color av-flex-cells  avia-builder-el-13  el_after_av_section  el_before_av_section  grid-row-not-first  container_wrap sidebar_right'  >\n\n<style type=\"text\/css\" data-created_by=\"avia_inline_auto\" id=\"style-css-av-19nzn-27f78fadc65c988bd2d19ec2b907a81a\">\n.flex_cell.av-19nzn-27f78fadc65c988bd2d19ec2b907a81a{\nvertical-align:middle;\npadding:80px 80px 80px 80px;\n}\n<\/style>\n<div class='flex_cell av_one_half av-19nzn-27f78fadc65c988bd2d19ec2b907a81a no_margin  avia-builder-el-14  el_before_av_cell_one_half  avia-builder-el-first ' ><div class='flex_cell_inner'><form action=\"https:\/\/elearning.zewk.tu-berlin.de\/blog\/studieren-ohne-abitur\/ueberdasprojekt\/\" method=\"post\"  class=\"avia_ajax_form av-form-labels-visible   avia-builder-el-15  avia-builder-el-no-sibling   \" data-avia-form-id=\"1\" data-avia-redirect='' ><h3 class=''>Bei Fragen oder Anregungen k\u00f6nnen Sie der Kooperationsstelle Wissenschaft und Arbeitswelt (KOOP) gerne eine E-Mail senden <\/h3><fieldset><p class='  first_form  form_element form_fullwidth' id='element_avia_1_1'><label for=\"avia_1_1\">Name <abbr class=\"required\" title=\"ben\u00f6tigt\">*<\/abbr><\/label> <input name=\"avia_1_1\" class=\"text_input is_empty\" type=\"text\" id=\"avia_1_1\" value=\"\" \/><\/p><p class='  first_form  form_element form_fullwidth' id='element_avia_2_1'><label for=\"avia_2_1\">E-Mail <abbr class=\"required\" title=\"ben\u00f6tigt\">*<\/abbr><\/label> <input name=\"avia_2_1\" class=\"text_input is_email\" type=\"text\" id=\"avia_2_1\" value=\"\" \/><\/p><p class='  first_form  form_element form_fullwidth' id='element_avia_3_1'><label for=\"avia_3_1\">Betreff <abbr class=\"required\" title=\"ben\u00f6tigt\">*<\/abbr><\/label> <input name=\"avia_3_1\" class=\"text_input is_empty\" type=\"text\" id=\"avia_3_1\" value=\"\" \/><\/p><p class='  first_form  form_element form_fullwidth' id='element_avia_4_1'><label for=\"avia_4_1\" class=\"textare_label hidden textare_label_avia_4_1\">Nachricht <abbr class=\"required\" title=\"ben\u00f6tigt\">*<\/abbr><\/label><textarea  name=\"avia_4_1\" class=\"text_area is_empty\" cols=\"40\" rows=\"7\" id=\"avia_4_1\" ><\/textarea><\/p><p class='  first_form  form_element form_fullwidth av-last-visible-form-element' id='element_avia_5_1'><label for=\"avia_5_1\"><\/label> <input name=\"avia_5_1\" class=\"text_input \" type=\"text\" id=\"avia_5_1\" value=\"\" \/><\/p><p class=\"hidden\"><input type=\"text\" name=\"avia_6_1\" class=\"hidden \" id=\"avia_6_1\" value=\"\" \/><\/p><p class=\"form_element \"><input type=\"hidden\" value=\"1\" name=\"avia_generated_form1\" \/><input type=\"submit\" value=\"Senden\" class=\"button\"  data-sending-label=\"Sende\"\/><\/p><\/fieldset><\/form><div id=\"ajaxresponse_1\" class=\"ajaxresponse ajaxresponse_1 hidden\"><\/div>\n<\/div><\/div>\n<style type=\"text\/css\" data-created_by=\"avia_inline_auto\" id=\"style-css-av-14gkf-8a9abf7d775f179490e44adae82bb73e\">\n.flex_cell.av-14gkf-8a9abf7d775f179490e44adae82bb73e{\nvertical-align:middle;\npadding:0 80px 0 80px;\n}\n<\/style>\n<div class='flex_cell av_one_half av-14gkf-8a9abf7d775f179490e44adae82bb73e no_margin  avia-builder-el-16  el_after_av_cell_one_half  avia-builder-el-last ' ><div class='flex_cell_inner'><p>\n<style type=\"text\/css\" data-created_by=\"avia_inline_auto\" id=\"style-css-av-kzicjeqj-4ccab194c9136b19ff6bc6e973afa101\">\n.avia-image-container.av-kzicjeqj-4ccab194c9136b19ff6bc6e973afa101 .av-image-caption-overlay-center{\ncolor:#ffffff;\n}\n<\/style>\n<div  class='avia-image-container av-kzicjeqj-4ccab194c9136b19ff6bc6e973afa101 av-styling- avia-align-center  avia-builder-el-17  el_before_av_textblock  avia-builder-el-first '  itemprop=\"image\" itemscope=\"itemscope\" itemtype=\"https:\/\/schema.org\/ImageObject\" ><div class=\"avia-image-container-inner\"><div class=\"avia-image-overlay-wrap\"><a href=\"http:\/\/elearning.zewk.tu-berlin.de\/blog\/studieren-ohne-abitur\/wp-content\/uploads\/sites\/55\/2022\/03\/Broschuere_StudierenOhneAbiturInBerlin.pdf\" class='avia_image' ><img decoding=\"async\" width=\"300\" height=\"300\" class='wp-image-1729 avia-img-lazy-loading-not-1729 avia_image' src=\"https:\/\/elearning.zewk.tu-berlin.de\/blog\/studieren-ohne-abitur\/wp-content\/uploads\/sites\/55\/2022\/02\/Dokument0-1-300x300.jpg\" alt='' title='Dokument0'  itemprop=\"thumbnailUrl\" srcset=\"https:\/\/elearning.zewk.tu-berlin.de\/blog\/studieren-ohne-abitur\/wp-content\/uploads\/sites\/55\/2022\/02\/Dokument0-1-300x300.jpg 300w, https:\/\/elearning.zewk.tu-berlin.de\/blog\/studieren-ohne-abitur\/wp-content\/uploads\/sites\/55\/2022\/02\/Dokument0-1-1030x1030.jpg 1030w, https:\/\/elearning.zewk.tu-berlin.de\/blog\/studieren-ohne-abitur\/wp-content\/uploads\/sites\/55\/2022\/02\/Dokument0-1-80x80.jpg 80w, https:\/\/elearning.zewk.tu-berlin.de\/blog\/studieren-ohne-abitur\/wp-content\/uploads\/sites\/55\/2022\/02\/Dokument0-1-768x768.jpg 768w, https:\/\/elearning.zewk.tu-berlin.de\/blog\/studieren-ohne-abitur\/wp-content\/uploads\/sites\/55\/2022\/02\/Dokument0-1-36x36.jpg 36w, https:\/\/elearning.zewk.tu-berlin.de\/blog\/studieren-ohne-abitur\/wp-content\/uploads\/sites\/55\/2022\/02\/Dokument0-1-180x180.jpg 180w, https:\/\/elearning.zewk.tu-berlin.de\/blog\/studieren-ohne-abitur\/wp-content\/uploads\/sites\/55\/2022\/02\/Dokument0-1-705x705.jpg 705w, https:\/\/elearning.zewk.tu-berlin.de\/blog\/studieren-ohne-abitur\/wp-content\/uploads\/sites\/55\/2022\/02\/Dokument0-1.jpg 1240w\" sizes=\"(max-width: 300px) 100vw, 300px\" \/><\/a><\/div><\/div><\/div><br \/>\n<section  class='av_textblock_section av-kxenwgu0-c3102ed4e59c07de26118a9f5b64b115'  itemscope=\"itemscope\" itemtype=\"https:\/\/schema.org\/CreativeWork\" ><div class='avia_textblock'  itemprop=\"text\" ><p style=\"text-align: center\">Die Brosch\u00fcre &#8222;Studieren ohne Abitur in Berlin&#8220; steht hier zum Download zu Verf\u00fcgung<\/p>\n<\/div><\/section><br \/>\n<div  class='avia-button-wrap avia-button-center  avia-builder-el-19  el_after_av_textblock  el_before_av_hr ' title=\"Informationsbrosch\u00fcre: &quot;Studieren ohne Abitur in Berlin&quot;\">\n<style type=\"text\/css\" data-created_by=\"avia_inline_auto\" id=\"style-css-av-kxenlh0k-bf24f575bd60ee62f3fc20858e31deae\">\n#top #wrap_all .avia-button.av-kxenlh0k-bf24f575bd60ee62f3fc20858e31deae{\nbackground-color:#ea4949;\nborder-color:#ea4949;\ntransition:all 0.4s ease-in-out;\n-webkit-transition:all 0.4s ease-in-out;\n-moz-transition:all 0.4s ease-in-out;\n-ms-transition:all 0.4s ease-in-out;\n-o-transition:all 0.4s ease-in-out;\n}\n#top #wrap_all .avia-button.av-kxenlh0k-bf24f575bd60ee62f3fc20858e31deae:hover{\nbackground-color:#ea0000;\ncolor:white;\ntransition:all 0.4s ease-in-out;\n-webkit-transition:all 0.4s ease-in-out;\n-moz-transition:all 0.4s ease-in-out;\n-ms-transition:all 0.4s ease-in-out;\n-o-transition:all 0.4s ease-in-out;\n}\n<\/style>\n<a href='http:\/\/elearning.zewk.tu-berlin.de\/blog\/studieren-ohne-abitur\/wp-content\/uploads\/sites\/55\/2022\/03\/Broschuere_StudierenOhneAbiturInBerlin.pdf'  class='avia-button av-kxenlh0k-bf24f575bd60ee62f3fc20858e31deae avia-icon_select-yes-left-icon avia-size-small avia-position-center avia-font-color-theme-color'  target=\"_blank\"  rel=\"noopener noreferrer\"><span class='avia_button_icon avia_button_icon_left' aria-hidden='true' data-av_icon='\ue82d' data-av_iconfont='entypo-fontello'><\/span><span class='avia_iconbox_title' >Herunterladen (PDF)<\/span><\/a><\/div><br \/>\n\n<style type=\"text\/css\" data-created_by=\"avia_inline_auto\" id=\"style-css-av-l0s50487-6e84f8d53fc05ac99e58cec01ebfc5b9\">\n#top .hr.hr-invisible.av-l0s50487-6e84f8d53fc05ac99e58cec01ebfc5b9{\nheight:25px;\n}\n<\/style>\n<div  class='hr av-l0s50487-6e84f8d53fc05ac99e58cec01ebfc5b9 hr-invisible  avia-builder-el-20  el_after_av_button  avia-builder-el-last '><span class='hr-inner '><span class=\"hr-inner-style\"><\/span><\/span><\/div><\/p>\n<\/div><\/div><\/div>\n<style type=\"text\/css\" data-created_by=\"avia_inline_auto\" id=\"style-css-av-l0uszz8t-4511e62340f49b8057dc61caec3cf8d7\">\n.avia-section.av-l0uszz8t-4511e62340f49b8057dc61caec3cf8d7{\nbackground-color:#ea4949;\n}\n.avia-section.av-l0uszz8t-4511e62340f49b8057dc61caec3cf8d7 .av-extra-border-element .av-extra-border-inner{\nbackground-color:#ea4949;\n}\n<\/style>\n<div id='av_section_3'  class='avia-section av-l0uszz8t-4511e62340f49b8057dc61caec3cf8d7 main_color avia-section-default avia-no-border-styling  avia-builder-el-21  el_after_av_layout_row  avia-builder-el-last  avia-bg-style-scroll av-arrow-down-section av-minimum-height av-minimum-height-custom  container_wrap sidebar_right'  ><div class='container av-section-cont-open' style='height:100px'><div class='template-page content  av-content-small alpha units'><div class='post-entry post-entry-type-page post-entry-11'><div class='entry-content-wrapper clearfix'>\n<div  class='avia-button-wrap avia-button-left  avia-builder-el-22  avia-builder-el-no-sibling ' >\n<style type=\"text\/css\" data-created_by=\"avia_inline_auto\" id=\"style-css-av-l0usylx9-8ec67dec598237c7427e2012327db880\">\n#top #wrap_all .avia-button.av-l0usylx9-8ec67dec598237c7427e2012327db880{\nbackground-color:#ea4949;\nborder-color:#ea4949;\ncolor:#ffffff;\nborder-style:none;\nborder-width:0 0 0 0;\ntransition:all 0.4s ease-in-out;\n-webkit-transition:all 0.4s ease-in-out;\n-moz-transition:all 0.4s ease-in-out;\n-ms-transition:all 0.4s ease-in-out;\n-o-transition:all 0.4s ease-in-out;\n}\n<\/style>\n<a href='https:\/\/elearning.zewk.tu-berlin.de\/blog\/studieren-ohne-abitur\/impressum-bildnachweis-datenschutz\/'  class='avia-button av-l0usylx9-8ec67dec598237c7427e2012327db880 avia-icon_select-no avia-size-medium avia-position-left' ><span class='avia_iconbox_title' >Impressum | Bildnachweis | Datenschutz<\/span><\/a><\/div>\n<\/div><\/div><\/div><!-- close content main div --><\/div><div class='av-extra-border-element border-extra-arrow-down'><div class='av-extra-border-outer'><div class='av-extra-border-inner'><\/div><\/div><\/div><\/div><div id='after_section_3'  class='main_color av_default_container_wrap container_wrap sidebar_right'  ><div class='container av-section-cont-open' ><div class='template-page content  av-content-small alpha units'><div class='post-entry post-entry-type-page post-entry-11'><div class='entry-content-wrapper clearfix'><\/p>\n","protected":false},"excerpt":{"rendered":"","protected":false},"author":275,"featured_media":0,"parent":0,"menu_order":0,"comment_status":"open","ping_status":"closed","template":"","meta":{"footnotes":""},"class_list":["post-11","page","type-page","status-publish","hentry"],"_links":{"self":[{"href":"https:\/\/elearning.zewk.tu-berlin.de\/blog\/studieren-ohne-abitur\/wp-json\/wp\/v2\/pages\/11"}],"collection":[{"href":"https:\/\/elearning.zewk.tu-berlin.de\/blog\/studieren-ohne-abitur\/wp-json\/wp\/v2\/pages"}],"about":[{"href":"https:\/\/elearning.zewk.tu-berlin.de\/blog\/studieren-ohne-abitur\/wp-json\/wp\/v2\/types\/page"}],"author":[{"embeddable":true,"href":"https:\/\/elearning.zewk.tu-berlin.de\/blog\/studieren-ohne-abitur\/wp-json\/wp\/v2\/users\/275"}],"replies":[{"embeddable":true,"href":"https:\/\/elearning.zewk.tu-berlin.de\/blog\/studieren-ohne-abitur\/wp-json\/wp\/v2\/comments?post=11"}],"version-history":[{"count":121,"href":"https:\/\/elearning.zewk.tu-berlin.de\/blog\/studieren-ohne-abitur\/wp-json\/wp\/v2\/pages\/11\/revisions"}],"predecessor-version":[{"id":2516,"href":"https:\/\/elearning.zewk.tu-berlin.de\/blog\/studieren-ohne-abitur\/wp-json\/wp\/v2\/pages\/11\/revisions\/2516"}],"wp:attachment":[{"href":"https:\/\/elearning.zewk.tu-berlin.de\/blog\/studieren-ohne-abitur\/wp-json\/wp\/v2\/media?parent=11"}],"curies":[{"name":"wp","href":"https:\/\/api.w.org\/{rel}","templated":true}]}}