{"id":2104,"date":"2022-03-17T09:36:39","date_gmt":"2022-03-17T08:36:39","guid":{"rendered":"http:\/\/elearning.zewk.tu-berlin.de\/blog\/studieren-ohne-abitur\/?page_id=2104"},"modified":"2022-03-21T12:40:21","modified_gmt":"2022-03-21T11:40:21","slug":"impressum-bildnachweis-datenschutz","status":"publish","type":"page","link":"https:\/\/elearning.zewk.tu-berlin.de\/blog\/studieren-ohne-abitur\/impressum-bildnachweis-datenschutz\/","title":{"rendered":"Impressum | Bildnachweis | Datenschutz"},"content":{"rendered":"\n<style type=\"text\/css\" data-created_by=\"avia_inline_auto\" id=\"style-css-av-l0uxdt1d-ff8dcfc496a010d34c65eca71e55a23b\">\n.avia-section.av-l0uxdt1d-ff8dcfc496a010d34c65eca71e55a23b{\nbackground-color:#ea4949;\n}\n<\/style>\n<div id='av_section_1'  class='avia-section av-l0uxdt1d-ff8dcfc496a010d34c65eca71e55a23b main_color avia-section-default avia-no-border-styling  avia-builder-el-0  el_before_av_textblock  avia-builder-el-first  avia-bg-style-scroll av-minimum-height av-minimum-height-custom  container_wrap sidebar_right'  ><div class='container av-section-cont-open' style='height:25px'><main  role=\"main\" itemprop=\"mainContentOfPage\"  class='template-page content  av-content-small alpha units'><div class='post-entry post-entry-type-page post-entry-2104'><div class='entry-content-wrapper clearfix'><\/div><\/div><\/main><!-- close content main element --><\/div><\/div><div id='after_section_1'  class='main_color av_default_container_wrap container_wrap sidebar_right'  ><div class='container av-section-cont-open' ><div class='template-page content  av-content-small alpha units'><div class='post-entry post-entry-type-page post-entry-2104'><div class='entry-content-wrapper clearfix'>\n\n<style type=\"text\/css\" data-created_by=\"avia_inline_auto\" id=\"style-css-av-l0urh8g7-8ce723689cec594ad78c0daf262e019e\">\n#top .av_textblock_section.av-l0urh8g7-8ce723689cec594ad78c0daf262e019e .avia_textblock{\ncolor:#ea4949;\n}\n<\/style>\n<section  class='av_textblock_section av-l0urh8g7-8ce723689cec594ad78c0daf262e019e'  itemscope=\"itemscope\" itemtype=\"https:\/\/schema.org\/CreativeWork\" ><div class='avia_textblock av_inherit_color'  itemprop=\"text\" ><h3 class=\"post-title\"><strong>Impressum <\/strong>| <strong>Bildnachweis <\/strong>| <strong>Datenschutz<\/strong><\/h3>\n<\/div><\/section>\n<section  class='av_textblock_section av-2cylnc-c808f86b2cf0e0df7d349e32b9450534'  itemscope=\"itemscope\" itemtype=\"https:\/\/schema.org\/CreativeWork\" ><div class='avia_textblock av_inherit_color'  itemprop=\"text\" ><div class=\"post-header\">\n<div id=\"overflow-container\" class=\"overflow-container\">\n<div id=\"primary-container\" class=\"primary-container\">\n<div class=\"max-width\">\n<section id=\"main\" class=\"main\" role=\"main\">\n<div id=\"loop-container\" class=\"loop-container\">\n<div class=\"post-245 page type-page status-publish hentry entry\">\n<article>\n<div class=\"post-container\">\n<h3><\/h3>\n<h3><\/h3>\n<h3 class=\"post-header\"><strong> <br class=\"avia-permanent-lb\" \/>Redaktionelle Verantwortung f\u00fcr dieses Blog <\/strong><\/h3>\n<div class=\"post-content\">\n<p>Zentraleinrichtung Wissenschaftliche Weiterbildung und Kooperation (ZEWK)<br \/>\nTechnische Universit\u00e4t Berlin<br \/>\nFraunhoferstr. 33-36<br \/>\n10587 Berlin<\/p>\n<p>Ansprechpartner: Dr. Ulf Banscherus <br class=\"avia-permanent-lb\" \/><br class=\"avia-permanent-lb\" \/><\/p>\n<\/div>\n<\/div>\n<h3 class=\"post-title\"><strong>Bildnachweise<\/strong><\/h3>\n<p>Alle Bilder, die auf der Website <strong>studieren-ohne-abitur.berli<\/strong>n Verwendung finden, stammen von der Datenbank <strong>pexels.com<\/strong> und sind lizenzfrei. (CC0 Public Domain, freie kommerzielle Nutzung, kein Bildnachweis n\u00f6tig)<\/p>\n<div class=\"post-container\">\n<p>https:\/\/www.pexels.com\/de-de\/lizenz\/ <br class=\"avia-permanent-lb\" \/><br class=\"avia-permanent-lb\" \/><\/p>\n<div class=\"post-content\">\n<h3><strong>Datenschutzerkl\u00e4rung<\/strong><\/h3>\n<p>Vielen Dank f\u00fcr Ihr Interesse an unserem Blog. Der Schutz der pers\u00f6nlichen Daten von Besuchern und Besucherinnen des Blogs ist uns sehr wichtig. Deshalb m\u00f6chten wir Sie hier \u00fcber den Datenschutz an unserer Universit\u00e4t informieren.<\/p>\n<p>Diese Datenschutzerkl\u00e4rung basiert auf der\u00a0<a href=\"https:\/\/www.tu-berlin.de\/allgemeine_seiten\/datenschutz\/\">Datenschutzerkl\u00e4rung der zentralen Webseiten der TU Berlin<\/a>\u00a0und ist in einzelnen Punkten an die Besonderheiten des Blogs angepasst \u2013 u.a. ist der Abschnitt zur Nutzungsdatenerfassung zur Google Suche obsolet. <br class=\"avia-permanent-lb\" \/><br class=\"avia-permanent-lb\" \/><\/p>\n<h3>Gegenstand des Datenschutzes<\/h3>\n<p>Der Datenschutz befasst sich mit personenbezogenen Daten. Diese sind nach Artikel 4 Nr. 1 der Europ\u00e4ischen Datenschutzgrundverordnung (DSGVO) alle Informationen, die sich auf eine identifizierte oder identifizierbare nat\u00fcrliche Person beziehen, also alle Informationen, die dazu genutzt werden k\u00f6nnen, Sie zu identifizieren. Hierunter fallen z.B. Angaben wie Name, Privat-Adresse, E-Mail-Adresse oder Telefonnummer, aber auch Nutzungsdaten wie Ihre IP-Adresse.<\/p>\n<p>Selbstverst\u00e4ndlich beachtet die Technische Universit\u00e4t Berlin die gesetzlichen Bestimmungen zum Datenschutz und andere rechtliche Bestimmungen und Vorgaben.<\/p>\n<p>Wir tun alles daf\u00fcr, dass Sie uns bez\u00fcglich Ihrer pers\u00f6nlichen Daten vertrauen k\u00f6nnen. So erfolgt die \u00dcbertragung personenbezogener und sensibler Daten verschl\u00fcsselt. Zus\u00e4tzlich sind unsere Webseiten durch technische Ma\u00dfnahmen gegen Besch\u00e4digungen oder unberechtigten Zugriff gesch\u00fctzt. <br class=\"avia-permanent-lb\" \/><br class=\"avia-permanent-lb\" \/><\/p>\n<h3>Allgemeiner Datenschutzhinweis<\/h3>\n<p>(1) Wenn Sie diesen Blog aufrufen oder Daten dieser Seiten herunterladen, werden Informationen\u00a0 hier\u00fcber in einer Logdatei mit folgendem Inhalt gespeichert: Ihre\u00a0 IP-Adresse, das Datum und die Uhrzeit des Seitenaufrufs, die aufgerufene\u00a0 Seite bzw. der Name der abgerufenen Datei, die \u00fcbertragene Datenmenge,\u00a0 der \u201eUser Agent-String\u201c Ihres Webbrowsers, die Webseite, von der aus Sie die aktuelle Seite oder Datei aufgerufen haben, und die Statusmeldung, ob der Zugriff bzw. Abruf erfolgreich war. Die nicht anonymisierten Logdaten werden nach 1 Monat automatisch gel\u00f6scht und nicht archiviert.<\/p>\n<p>(2) Diese Daten werden ausschlie\u00dflich zu nichtkommerziellen Zwecken genutzt: sie werden nur im Bedarfsfall manuell eingesehen und zur Fehleranalyse, Optimierung oder Untersuchung von Missbrauchsf\u00e4llen oder Performance-Engp\u00e4ssen verwendet.<\/p>\n<p>(3) Zur Datenerhebung und -speicherung setzen wir zus\u00e4tzlich Cookies ein. Cookies sind kleine Datenpakete, die aus Text bestehen und von Ihrem Webbrowser beim Aufruf einer Webseite gespeichert werden. Sie richten auf Ihrem Endger\u00e4t keinen Schaden an \u2013 Cookies enthalten weder Viren noch geben sie uns die M\u00f6glichkeit, Sie auszusp\u00e4hen. Wir verwenden zwei Arten von Cookies: tempor\u00e4re und permanente Cookies. Tempor\u00e4re Cookies werden mit dem Schlie\u00dfen Ihres Webbrowsers automatisch gel\u00f6scht (Session-Cookies). Dauerhafte Cookies haben dagegen eine maximale Lebensdauer \u2013 bei uns bis zu einem Tag.<\/p>\n<p>Cookies werden von uns eingesetzt, um den Besuchern und Redakteuren eine optimale Nutzung der Webseiten zu erm\u00f6glichen. Die eingesetzten Cookies werden in keinem Fall zur Nachverfolgung von personenbezogenen Nutzeraktionen oder zur Verhaltensanalyse verwendet. Sie werden ausschlie\u00dflich dort eingesetzt, wo sie technisch notwendig bzw. sinnvoller als andere Techniken sind, so z.B. bei der Erfassung des Login-Status von BenutzerInnen und RedakteurInnen oder dem Speichern von Informationen wie \u201eMobile Variante der Webseite anzeigen\u201c. Die Nutzung der Webseiten ist \u00fcberwiegend auch ohne die Verwendung von Cookies m\u00f6glich. F\u00fcr Funktionen bzw. Seiten, die eine Anmeldung ben\u00f6tigen, ist der Einsatz von Cookies jedoch erforderlich. Sie k\u00f6nnen Ihren Webbrowser so einstellen, dass bereits abgelegte Cookies gel\u00f6scht werden. <br class=\"avia-permanent-lb\" \/><br class=\"avia-permanent-lb\" \/><\/p>\n<h3>Umfang der Datenerhebung und -speicherung<\/h3>\n<p>Unseren Umgang mit personenbezogenen Verkehrsdaten entnehmen Sie bitte dem \u201eAllgemeinen Datenschutzhinweis\u201c (oben, bez\u00fcglich Logdaten und Cookies).<\/p>\n<p>F\u00fcr die Nutzung unserer Webseiten ist die aktive Mitteilung Ihrer personenbezogenen Daten \u00fcberwiegend nicht erforderlich.<\/p>\n<p>Damit die TU Berlin ihren Dienstleistungsauftrag erf\u00fcllen k\u00f6nnen, ben\u00f6tigen wir im Einzelfall spezielle personenbezogenen Daten. Dies gilt insbesondere f\u00fcr die Beantwortung individueller E-Mail-Anfragen, die Bestellung spezieller Dienste oder Bewerbungen.<\/p>\n<p>Wenn Sie uns mit der Erbringung einer Dienstleistung beauftragen, erheben und speichern wir Ihre pers\u00f6nlichen Daten grunds\u00e4tzlich nur, soweit es f\u00fcr die Erbringung des Dienstes notwendig ist.<\/p>\n<p>In Ausnahmef\u00e4llen z.B. im Rahmen von Veranstaltungsanmeldungen, werden Sie gefragt, ob Ihre Daten zwecks Information \u00fcber \u00e4hnliche Veranstaltungen \u00fcber die f\u00fcr die reine Veranstaltungsabwicklung hinaus gespeichert werden d\u00fcrfen. Hier entstehen Ihnen durch die Ablehnung keinerlei Nachteile.<\/p>\n<p><strong>Sie k\u00f6nnen jederzeit und ohne Angaben von Gr\u00fcnden Ihr einmal erteiltes Einverst\u00e4ndnis widerrufen und die L\u00f6schung Ihrer Daten verlangen.<\/strong><\/p>\n<p>Wenn Sie sich mit Ihrer E-Mail-Adresse f\u00fcr einen unseren Newsletter angemeldet haben, nutzen wir solange Ihre E-Mail-Adresse, um Sie im Rahmen des Newsletters zu informieren, bis Sie sich vom Newsletter-Bezug abmelden.<\/p>\n<p>Auf diesem Blog wird zus\u00e4tzlich unter Einsatz der Webanalysedienst-Software Matomo (siehe <a class=\"extern\" href=\"http:\/\/www.matomo.org\/\">www.matomo.org<\/a>) auf Basis des berechtigten Interesses der\u00a0<abbr title=\"Technische Universit\u00e4t Berlin\">TUB<\/abbr> an der statistischen Analyse des Nutzerverhaltens zu Optimierungs- und Marketingzwecken gem\u00e4\u00df Art. 6 Abs. 1 lit. f DSGVO Daten gesammelt und gespeichert. Wir verwenden eine eigene Matomo-Instanz auf Servern der TU Berlin, die nach den Empfehlungen des \u201eUnabh\u00e4ngigen Landeszentrum f\u00fcr Datenschutz\u201c (ULD) Schleswig Holstein eingerichtet wurde. Beim Aufruf der Seiten werden Ihre Zugriffsdaten sofort anonymsiert. Matomo verwendet f\u00fcr das Tracking keine Cookies, sondern arbeitet ausschlie\u00dflich auf Basis der anonymisierten IPs und Webseitenaufrufe. Gespeichert werden neben aufgerufenen Seiten und Dateien u.a. Daten zu verwendetem Betriebssystem, Browser, Browserplugins (z.B. ob der Flashplayer vorhanden ist), Bildschirmaufl\u00f6sung, dem ungef\u00e4hren Standort (z.B. \u201eBerlin\u201c, jedoch keine konkrete Adresse) und Verweildauer.<\/p>\n<p>Haben Sie in Ihrem Browser die Option \u201eDo Not Track\u201c gesetzt, wird Matomo keine der Daten Ihres Webseitenbesuchs speichern bzw. verarbeiten<\/p>\n<p>Haben Sie die \u201eDo NOt Track\u201c-Option nicht gesetzt und sind mit der Speicherung und Auswertung Ihrer durch Matomo erfassten Daten nicht einverstanden sind, dann k\u00f6nnen Sie der Speicherung und Nutzung nachfolgend per Mausklick jederzeit widersprechen. In diesem Fall wird in Ihrem Browser ein sog. Opt-Out-Cookie abgelegt, was zur Folge hat, dass Matomo keinerlei Sitzungsdaten erhebt. Bitte beachten Sie, dass die vollst\u00e4ndige L\u00f6schung Ihrer Cookies zur Folge hat, dass auch das Opt-Out-Cookie gel\u00f6scht wird und ggf. von Ihnen erneut aktiviert werden muss.<\/p>\n<p><strong>\u00a0<\/strong><\/p>\n<div class=\"element\"><\/div>\n<h3>Ort der Speicherung und zweckgebundene Datenverwendung<\/h3>\n<p>Wir erheben, verarbeiten und speichern Ihre personenbezogenen Daten ausschlie\u00dflich\u00a0TUB-intern (i.d.R. im Rechenzentrum der\u00a0TUB) nur f\u00fcr den Zweck, f\u00fcr den Sie sie uns mitgeteilt haben und beachten damit den Grundsatz der zweckgebundenen Datenverwendung. Es erfolgt ohne Ihre ausdr\u00fcckliche Einwilligung keine Weitergabe Ihrer pers\u00f6nlichen Daten an Dritte, sofern dies nicht zur Erbringung der Dienstleistung oder zur Vertragsdurchf\u00fchrung notwendig ist. Auch die \u00dcbermittlung an auskunftsverlangende staatliche Institutionen und Beh\u00f6rden erfolgt nur im Rahmen der gesetzlichen Auskunftspflichten bzw. wenn wir durch eine gerichtliche Entscheidung zur Auskunft verpflichtet werden.<\/p>\n<p>Wir nehmen auch den Universit\u00e4ts-internen Datenschutz sehr ernst. Unsere Mitarbeiter und Mitarbeiterinnen sowie die von uns ggf. beauftragten Dienstleistungsunternehmen sind von uns zur Verschwiegenheit und zur Einhaltung der datenschutzrechtlichen Bestimmungen verpflichtet. <br class=\"avia-permanent-lb\" \/><br class=\"avia-permanent-lb\" \/><\/p>\n<h3>Auskunftsrecht<\/h3>\n<p>Sie erhalten jederzeit ohne Angabe von Gr\u00fcnden kostenfrei Auskunft \u00fcber Ihre bei uns gespeicherten Daten. Hierzu wenden Sie sich bitte an die im Impressum angegebene Kontaktadresse. Gerne stehen wir Ihnen f\u00fcr weitergehende Fragen zu unseren Datenschutzhinweisen zur Verf\u00fcgung.<\/p>\n<\/div>\n<\/div>\n<\/article>\n<\/div>\n<\/div>\n<\/section>\n<\/div>\n<\/div>\n<\/div>\n<div id=\"cmplz-manage-consent\" data-nosnippet=\"true\"><\/div>\n<\/div>\n<\/div><\/section>\n","protected":false},"excerpt":{"rendered":"","protected":false},"author":275,"featured_media":0,"parent":0,"menu_order":0,"comment_status":"closed","ping_status":"closed","template":"","meta":{"footnotes":""},"class_list":["post-2104","page","type-page","status-publish","hentry"],"_links":{"self":[{"href":"https:\/\/elearning.zewk.tu-berlin.de\/blog\/studieren-ohne-abitur\/wp-json\/wp\/v2\/pages\/2104"}],"collection":[{"href":"https:\/\/elearning.zewk.tu-berlin.de\/blog\/studieren-ohne-abitur\/wp-json\/wp\/v2\/pages"}],"about":[{"href":"https:\/\/elearning.zewk.tu-berlin.de\/blog\/studieren-ohne-abitur\/wp-json\/wp\/v2\/types\/page"}],"author":[{"embeddable":true,"href":"https:\/\/elearning.zewk.tu-berlin.de\/blog\/studieren-ohne-abitur\/wp-json\/wp\/v2\/users\/275"}],"replies":[{"embeddable":true,"href":"https:\/\/elearning.zewk.tu-berlin.de\/blog\/studieren-ohne-abitur\/wp-json\/wp\/v2\/comments?post=2104"}],"version-history":[{"count":27,"href":"https:\/\/elearning.zewk.tu-berlin.de\/blog\/studieren-ohne-abitur\/wp-json\/wp\/v2\/pages\/2104\/revisions"}],"predecessor-version":[{"id":2299,"href":"https:\/\/elearning.zewk.tu-berlin.de\/blog\/studieren-ohne-abitur\/wp-json\/wp\/v2\/pages\/2104\/revisions\/2299"}],"wp:attachment":[{"href":"https:\/\/elearning.zewk.tu-berlin.de\/blog\/studieren-ohne-abitur\/wp-json\/wp\/v2\/media?parent=2104"}],"curies":[{"name":"wp","href":"https:\/\/api.w.org\/{rel}","templated":true}]}}