{"id":449,"date":"2014-08-29T01:32:00","date_gmt":"2014-08-28T23:32:00","guid":{"rendered":"http:\/\/wp\/?page_id=2"},"modified":"2022-04-04T15:11:57","modified_gmt":"2022-04-04T13:11:57","slug":"startseite","status":"publish","type":"page","link":"https:\/\/elearning.zewk.tu-berlin.de\/blog\/studieren-ohne-abitur\/","title":{"rendered":"Studieren ohne Abitur"},"content":{"rendered":"\n<style type=\"text\/css\" data-created_by=\"avia_inline_auto\" id=\"style-css-av-ebfwh-898cd862288dbb18308c935bca89e6b3\">\n.avia-section.av-ebfwh-898cd862288dbb18308c935bca89e6b3{\nbackground-color:#ea4949;\n}\n.avia-section.av-ebfwh-898cd862288dbb18308c935bca89e6b3 .av-extra-border-element .av-extra-border-inner{\nbackground-color:#ea4949;\n}\n<\/style>\n<div id='av_section_1'  class='avia-section av-ebfwh-898cd862288dbb18308c935bca89e6b3 main_color avia-section-default avia-no-border-styling  avia-builder-el-0  el_before_av_layout_row  avia-builder-el-first  avia-bg-style-scroll av-arrow-down-section av-minimum-height av-minimum-height-custom  container_wrap sidebar_right'  ><div class='container av-section-cont-open' style='height:430px'><main  role=\"main\" itemprop=\"mainContentOfPage\"  class='template-page content  av-content-small alpha units'><div class='post-entry post-entry-type-page post-entry-449'><div class='entry-content-wrapper clearfix'>\n\n<style type=\"text\/css\" data-created_by=\"avia_inline_auto\" id=\"style-css-av-kxddqyr1-adfcaa7f5f38d8bd0b57c87e2a419c38\">\n#top .av-special-heading.av-kxddqyr1-adfcaa7f5f38d8bd0b57c87e2a419c38{\npadding-bottom:40px;\ncolor:#ffffff;\nfont-size:50px;\n}\nbody .av-special-heading.av-kxddqyr1-adfcaa7f5f38d8bd0b57c87e2a419c38 .av-special-heading-tag .heading-char{\nfont-size:25px;\n}\n#top #wrap_all .av-special-heading.av-kxddqyr1-adfcaa7f5f38d8bd0b57c87e2a419c38 .av-special-heading-tag{\nfont-size:50px;\n}\n.av-special-heading.av-kxddqyr1-adfcaa7f5f38d8bd0b57c87e2a419c38 .special-heading-inner-border{\nborder-color:#ffffff;\n}\n.av-special-heading.av-kxddqyr1-adfcaa7f5f38d8bd0b57c87e2a419c38 .av-subheading{\nfont-size:20px;\n}\n\n@media only screen and (min-width: 768px) and (max-width: 989px){ \n#top #wrap_all .av-special-heading.av-kxddqyr1-adfcaa7f5f38d8bd0b57c87e2a419c38 .av-special-heading-tag{\nfont-size:40px;\n}\n}\n\n@media only screen and (min-width: 480px) and (max-width: 767px){ \n#top #wrap_all .av-special-heading.av-kxddqyr1-adfcaa7f5f38d8bd0b57c87e2a419c38 .av-special-heading-tag{\nfont-size:30px;\n}\n}\n\n@media only screen and (max-width: 479px){ \n#top #wrap_all .av-special-heading.av-kxddqyr1-adfcaa7f5f38d8bd0b57c87e2a419c38 .av-special-heading-tag{\nfont-size:25px;\n}\n}\n<\/style>\n<div  class='av-special-heading av-kxddqyr1-adfcaa7f5f38d8bd0b57c87e2a419c38 av-special-heading-h1 custom-color-heading blockquote modern-quote  avia-builder-el-1  avia-builder-el-no-sibling  av-inherit-size'><h1 class='av-special-heading-tag'  itemprop=\"headline\"  >Studieren ohne Abitur in Berlin<\/h1><div class='av_custom_color av-subheading av-subheading_below'><p>Attraktive Bildungswege f\u00fcr beruflich qualifizierte Personen<\/p>\n<\/div><div class=\"special-heading-border\"><div class=\"special-heading-inner-border\"><\/div><\/div><\/div>\n\n<\/div><\/div><\/main><!-- close content main element --><\/div><div class='av-extra-border-element border-extra-arrow-down'><div class='av-extra-border-outer'><div class='av-extra-border-inner'><\/div><\/div><\/div><\/div><div id='body-.img--background-size-100-'  class='av-layout-grid-container av-a8skx-be0db7b6c604eeaad7581d5883a4a5c4 entry-content-wrapper main_color av-flex-cells  avia-builder-el-2  el_after_av_section  el_before_av_layout_row  grid-row-not-first  container_wrap sidebar_right'  >\n\n<style type=\"text\/css\" data-created_by=\"avia_inline_auto\" id=\"style-css-av-kxddsvof-55f048dba37cc521a001aed5e3129ea5\">\n.flex_cell.av-kxddsvof-55f048dba37cc521a001aed5e3129ea5{\nvertical-align:top;\npadding:80px 80px 80px 80px;\nbackground-color:#ffffff;\n}\n<\/style>\n<div class='flex_cell av_one_half av-kxddsvof-55f048dba37cc521a001aed5e3129ea5 no_margin  avia-builder-el-3  el_before_av_cell_one_half  avia-builder-el-first ' ><div class='flex_cell_inner'><section  class='av_textblock_section av-kxde37wf-6e94bd2905182a093c6924b9cb623906'  itemscope=\"itemscope\" itemtype=\"https:\/\/schema.org\/CreativeWork\" ><div class='avia_textblock'  itemprop=\"text\" ><p style=\"text-align: center\">Mit der M\u00f6glichkeit, ohne Abitur oder Fachhochschulreife ein Studium aufzunehmen, stehen beruflich qualifizierten Personen attraktive Bildungswege offen. Berlin bietet besonders gute Bedingungen aufgrund der bestehenden Regelungen f\u00fcr den Hochschulzugang mit beruflicher Qualifikation. Ob Spezialisierung im Beruf, Erweiterung der Karriere-Perspektiven oder Interesse an Forschung und Wissenschaft \u2013 (Weiter-)Bildung er\u00f6ffnet vielf\u00e4ltige Chancen der beruflichen und pers\u00f6nlichen Entwicklung. Mit der Entscheidung, aus dem Berufsleben heraus ein Studium aufzunehmen, sind im Vorfeld h\u00e4ufig viele Fragen verbunden:<\/p>\n<p style=\"text-align: center\"><strong>Welches Studium ist das richtige f\u00fcr mich?<\/strong><\/p>\n<p style=\"text-align: center\"><strong>Welche Zugangsvoraussetzungen muss ich erf\u00fcllen?<\/strong><\/p>\n<p style=\"text-align: center\"><strong>Kann ich die fachlichen Anforderungen bew\u00e4ltigen?<\/strong><\/p>\n<p style=\"text-align: center\"><strong>Wie kann ich mich w\u00e4hrend des Studiums finanzieren?<\/strong><\/p>\n<p style=\"text-align: center\"><strong>Wie l\u00e4sst sich das Studium mit Berufst\u00e4tigkeit und Familie vereinbaren?<\/strong><\/p>\n<p style=\"text-align: center\">\u00a0Diese Webseite b\u00fcndelt nicht nur relevante Informationen zu bestehenden formalen Regelungen und Voraussetzungen des Hochschulzugangs. Sie bietet zugleich eine erste Orientierungshilfe, um potenziellen Studieninteressierten die Entscheidung zu erleichtern. Dabei werden auch m\u00f6gliche Herausforderungen thematisiert, mit denen ein Hochschulstudium verbunden sein kann. Die Informationen richten sich in erster Linie an beruflich qualifizierte und erfahrene Fachkr\u00e4fte im sogenannten MINT-Bereich \u2013 Mathematik, Informatik, Naturwissenschaften, Technik. Die bereitgestellten Informationen sind jedoch grunds\u00e4tzlich auch auf andere Fachbereiche anwendbar.<\/p>\n<p style=\"text-align: center\">\n<\/div><\/section><br \/>\n\n<style type=\"text\/css\" data-created_by=\"avia_inline_auto\" id=\"style-css-av-kzib5xb8-55dcb1854d393c33b884de9bf697cb73\">\n#top .hr.hr-invisible.av-kzib5xb8-55dcb1854d393c33b884de9bf697cb73{\nheight:15px;\n}\n<\/style>\n<div  class='hr av-kzib5xb8-55dcb1854d393c33b884de9bf697cb73 hr-invisible  avia-builder-el-5  el_after_av_textblock  el_before_av_icon_box '><span class='hr-inner '><span class=\"hr-inner-style\"><\/span><\/span><\/div><br \/>\n\n<style type=\"text\/css\" data-created_by=\"avia_inline_auto\" id=\"style-css-av-kziaq22y-13e01132f48d982c3a0da2c2038c4b25\">\n.iconbox.av-kziaq22y-13e01132f48d982c3a0da2c2038c4b25 .iconbox_icon{\nbackground-color:#ea4949;\n}\n<\/style>\n<article  class='iconbox iconbox_top av-kziaq22y-13e01132f48d982c3a0da2c2038c4b25  avia-builder-el-6  el_after_av_hr  avia-builder-el-last  main_color'  itemscope=\"itemscope\" itemtype=\"https:\/\/schema.org\/CreativeWork\" ><div class=\"iconbox_content\"><header class=\"entry-content-header\"><div class=\"iconbox_icon heading-color\" aria-hidden='true' data-av_icon='\ue81f' data-av_iconfont='entypo-fontello'><\/div><\/header><div class='iconbox_content_container '  itemprop=\"text\" ><p style=\"text-align: center\">Eine individuelle Beratung k\u00f6nnen die bereitgestellten Informationen nicht ersetzen. Sie sollen vielmehr eine erste Orientierung rund um das Thema Studieren ohne Abitur bieten und auf zentrale Ansprechpersonen und Informationsquellen verweisen.<\/p>\n<\/div><\/div><footer class=\"entry-footer\"><\/footer><\/article><\/p>\n<\/div><\/div>\n<style type=\"text\/css\" data-created_by=\"avia_inline_auto\" id=\"style-css-av-kxddtrpl-de8e4b4536aed1463b3a87dff64053bc\">\n.flex_cell.av-kxddtrpl-de8e4b4536aed1463b3a87dff64053bc{\nvertical-align:middle;\npadding:180px 80px 180px 80px;\nbackground:url(https:\/\/elearning.zewk.tu-berlin.de\/blog\/studieren-ohne-abitur\/wp-content\/uploads\/sites\/55\/2021\/11\/pexels-thisisengineering-3862371-scaled.jpg) 50% 0% no-repeat scroll ;\n}\n<\/style>\n<div class='flex_cell av_one_half av-kxddtrpl-de8e4b4536aed1463b3a87dff64053bc no_margin  avia-builder-el-7  el_after_av_cell_one_half  avia-builder-el-last  body img invalid-custom-class-found background-size invalid-custom-class-found invalid-custom-class-found avia-full-stretch' ><div class='flex_cell_inner'><\/div><\/div>\n<\/div>\n<div id='av-layout-grid-2'  class='av-layout-grid-container av-dihgp-ac3cd1e413a1148d40d89d261aee2410 entry-content-wrapper main_color av-flex-cells  avia-builder-el-8  el_after_av_layout_row  el_before_av_layout_row  av-grid-order-reverse grid-row-not-first  container_wrap sidebar_right'  >\n\n<style type=\"text\/css\" data-created_by=\"avia_inline_auto\" id=\"style-css-av-kxdfajzp-583cdc9ae3b63efaca3e98daaae3ec47\">\n.flex_cell.av-kxdfajzp-583cdc9ae3b63efaca3e98daaae3ec47{\nvertical-align:middle;\npadding:280px 80px 280px 80px;\nbackground:url(https:\/\/elearning.zewk.tu-berlin.de\/blog\/studieren-ohne-abitur\/wp-content\/uploads\/sites\/55\/2021\/11\/pexels-armin-rimoldi-5554286-scaled.jpg) 50% 50% no-repeat scroll #ffffff;\n}\n<\/style>\n<div class='flex_cell av_one_third av-kxdfajzp-583cdc9ae3b63efaca3e98daaae3ec47 no_margin  avia-builder-el-9  el_before_av_cell_one_third  avia-builder-el-first  avia-full-stretch' ><div class='flex_cell_inner'><\/div><\/div>\n<style type=\"text\/css\" data-created_by=\"avia_inline_auto\" id=\"style-css-av-kxdezhgk-ce444e892def697f4822c82b80026873\">\n.flex_cell.av-kxdezhgk-ce444e892def697f4822c82b80026873{\nvertical-align:middle;\npadding:180px 80px 180px 80px;\nbackground-color:#ea4949;\n}\n<\/style>\n<div class='flex_cell av_one_third av-kxdezhgk-ce444e892def697f4822c82b80026873 no_margin  avia-builder-el-10  el_after_av_cell_one_third  el_before_av_cell_one_third ' ><div class='flex_cell_inner'>\n<style type=\"text\/css\" data-created_by=\"avia_inline_auto\" id=\"style-css-av-kxdf2nen-565fc3eeff26f9c12831b01069764f4e\">\n.avia-animated-number.av-kxdf2nen-565fc3eeff26f9c12831b01069764f4e{\ncolor:#ffffff !important;\n}\n#top .avia-animated-number.av-kxdf2nen-565fc3eeff26f9c12831b01069764f4e.av-display-circle{\nmargin:55% 0 55% 0;\n}\n.avia-animated-number.av-kxdf2nen-565fc3eeff26f9c12831b01069764f4e .avia-animated-number-circle{\nwidth:110%;\n}\n.avia-animated-number.av-kxdf2nen-565fc3eeff26f9c12831b01069764f4e .avia-animated-number-circle-inner{\nborder-style:outset;\nborder-color:#ffffff;\nbox-shadow:none;\n-webkit-box-shadow:none;\n-moz-box-shadow:none;\n}\n<\/style>\n<div  class=\"avia-animated-number av-kxdf2nen-565fc3eeff26f9c12831b01069764f4e av-force-default-color avia_animate_when_visible  avia-builder-el-11  avia-builder-el-no-sibling  avia-color-font-custom av-display-circle \" data-timer=\"4000\"><span class='avia-animated-number-circle '><span class='avia-animated-number-circle-inner'><\/span><\/span><strong class=\"heading avia-animated-number-title\"><span class=\"avia-single-number __av-single-number\" data-number_format=\"\" data-number=\"14\" data-start_from=\"0\">14<\/span><span class=\"avia-no-number\">.<\/span><span class=\"avia-single-number __av-single-number\" data-number_format=\"\" data-number=\"736\" data-start_from=\"0\">736<\/span><\/strong><div class=\"avia-animated-number-content\"><p>Personen haben 2019 in Deutschland ohne Abitur ein Studium begonnen. Etwa ein Viertel von ihnen entschied sich f\u00fcr ein MINT-Fach.<\/p>\n<\/div><\/div>\n<\/div><\/div>\n<style type=\"text\/css\" data-created_by=\"avia_inline_auto\" id=\"style-css-av-z2ox-4efa538cd1931b35918d4564b3e5198e\">\n.flex_cell.av-z2ox-4efa538cd1931b35918d4564b3e5198e{\nvertical-align:middle;\n}\n<\/style>\n<div class='flex_cell av_one_third av-z2ox-4efa538cd1931b35918d4564b3e5198e no_margin  avia-builder-el-12  el_after_av_cell_one_third  avia-builder-el-last ' ><div class='flex_cell_inner'>\n<style type=\"text\/css\" data-created_by=\"avia_inline_auto\" id=\"style-css-av-kxdfcwhq-73814f6de0402c6d0ab2f5e57364a6fe\">\n.iconbox.av-kxdfcwhq-73814f6de0402c6d0ab2f5e57364a6fe .iconbox_icon{\nbackground-color:#ea4949;\n}\n<\/style>\n<article  class='iconbox iconbox_top av-kxdfcwhq-73814f6de0402c6d0ab2f5e57364a6fe  avia-builder-el-13  el_before_av_hr  avia-builder-el-first  main_color'  itemscope=\"itemscope\" itemtype=\"https:\/\/schema.org\/CreativeWork\" ><div class=\"iconbox_content\"><header class=\"entry-content-header\"><div class=\"iconbox_icon heading-color\" aria-hidden='true' data-av_icon='\ue82b' data-av_iconfont='entypo-fontello'><\/div><h3 class='iconbox_content_title '  itemprop=\"headline\" >Erfolgsaussichten<\/h3><\/header><div class='iconbox_content_container '  itemprop=\"text\" ><p style=\"text-align: center\">Wer bereits berufliche Aus- und Weiterbildungen erfolgreich durchlaufen und eine Zeitlang im Berufsleben gestanden hat, studiert h\u00e4ufig motivierter und zielstrebiger. Trotz anf\u00e4nglicher Unsicherheiten sind die meisten Studierenden ohne Abitur genauso erfolgreich wie Studierende mit Abitur oder Fachhochschulreife. H\u00e4ufig schlie\u00dfen sie ihr Studium sogar schneller ab und erreichen dabei \u00e4hnlich gute Noten.<\/p>\n<\/div><\/div><footer class=\"entry-footer\"><\/footer><\/article><br \/>\n\n<style type=\"text\/css\" data-created_by=\"avia_inline_auto\" id=\"style-css-av-kxeh0xqa-15c94c4c63666ab83597dfae4bfa665a\">\n#top .hr.hr-invisible.av-kxeh0xqa-15c94c4c63666ab83597dfae4bfa665a{\nheight:5px;\n}\n<\/style>\n<div  class='hr av-kxeh0xqa-15c94c4c63666ab83597dfae4bfa665a hr-invisible  avia-builder-el-14  el_after_av_icon_box  el_before_av_icon_box '><span class='hr-inner '><span class=\"hr-inner-style\"><\/span><\/span><\/div><br \/>\n\n<style type=\"text\/css\" data-created_by=\"avia_inline_auto\" id=\"style-css-av-kxdfe6lx-e8ca3a79058d87c1f97badabed9a7e75\">\n.iconbox.av-kxdfe6lx-e8ca3a79058d87c1f97badabed9a7e75 .iconbox_icon{\nbackground-color:#ea4949;\n}\n<\/style>\n<article  class='iconbox iconbox_top av-kxdfe6lx-e8ca3a79058d87c1f97badabed9a7e75  avia-builder-el-15  el_after_av_hr  avia-builder-el-last  main_color'  itemscope=\"itemscope\" itemtype=\"https:\/\/schema.org\/CreativeWork\" ><div class=\"iconbox_content\"><header class=\"entry-content-header\"><div class=\"iconbox_icon heading-color\" aria-hidden='true' data-av_icon='\ue8b4' data-av_iconfont='entypo-fontello'><\/div><h3 class='iconbox_content_title '  itemprop=\"headline\" >Studienabbruch<\/h3><\/header><div class='iconbox_content_container '  itemprop=\"text\" ><p style=\"text-align: center\">Zugleich besteht f\u00fcr Studierende mit beruflicher Qualifikation aber auch ein etwas h\u00f6heres Risiko, das Studium vorzeitig abzubrechen. Die Gr\u00fcnde daf\u00fcr liegen jedoch weniger in Lern- und Leistungsproblemen, sondern h\u00e4ngen h\u00e4ufig vielmehr mit Schwierigkeiten bei der Vereinbarkeit von Studium, Beruf und Familie sowie mit der Studienfinanzierung zusammen.<\/p>\n<\/div><\/div><footer class=\"entry-footer\"><\/footer><\/article><\/p>\n<\/div><\/div><\/div><div id='av-layout-grid-3'  class='av-layout-grid-container av-hca41-77cdedadfd07ec0c1cca453a7eef4e66 entry-content-wrapper main_color av-flex-cells  avia-builder-el-16  el_after_av_layout_row  avia-builder-el-last  grid-row-not-first  container_wrap sidebar_right'  >\n\n<style type=\"text\/css\" data-created_by=\"avia_inline_auto\" id=\"style-css-av-9ck35-7ecc59dd7ffb3064fea1cd5804120630\">\n.flex_cell.av-9ck35-7ecc59dd7ffb3064fea1cd5804120630{\nvertical-align:top;\npadding:0 80px 0 80px;\n}\n<\/style>\n<div class='flex_cell av_two_third av-9ck35-7ecc59dd7ffb3064fea1cd5804120630 no_margin  avia-builder-el-17  el_before_av_cell_one_third  avia-builder-el-first ' ><div class='flex_cell_inner'><div  class='avia-testimonial-wrapper av-kxeexzha-751fad1c0e28673b9b0c7bf1d998d8d6 avia-grid-testimonials avia-grid-2-testimonials avia_animate_when_almost_visible av-minimal-grid-style'  data-autoplay='1'  data-interval='5'  data-animation='fade'  data-hoverpause='1' >\n<section class=\"avia-testimonial-row\"><div class='avia-testimonial av-kxeeuhkd-57c19e4d288ffd233d8cd53e4c9dc12d avia-testimonial-row-1 avia-first-testimonial flex_column no_margin av_one_half'><div class='avia-testimonial_inner'  itemscope=\"itemscope\" itemtype=\"https:\/\/schema.org\/CreativeWork\" ><div class='avia-testimonial-content '><div class='avia-testimonial-markup-entry-content'  itemprop=\"text\" ><blockquote>\n<p style=\"text-align: left\">Der Meisterabschluss war der Schl\u00fcssel, dass ich studieren darf, was ich will. Ich wusste aber auch, dass es ohne Abitur extrem schwierig ist. Deshalb bereitete ich mich lange vor Zusage des Studienplatzes auf Mathematik und Physik vor. Ich wollte auf den Kfz-Meister aufbauen. Meine Affinit\u00e4t liegt aber nicht so sehr im Konstruieren, im Maschinenbau, sondern eher in Richtung Controlling. Ich war die letzten Jahre im Management und in der Planung t\u00e4tig, deshalb war das f\u00fcr mich am naheliegendsten.<\/p>\n<\/blockquote>\n<\/div><\/div><div class=\"avia-testimonial-meta\"><div class=\"avia-testimonial-arrow-wrap\"><div class=\"avia-arrow\"><\/div><\/div><div class='avia-testimonial-meta-mini'  itemprop=\"author\" itemscope=\"itemscope\" itemtype=\"https:\/\/schema.org\/Person\" ><strong  class='avia-testimonial-name'  itemprop=\"name\" >Andreas, 33<\/strong><span  class='avia-testimonial-subtitle '  itemprop=\"jobTitle\" >Kraftfahrzeugmechatroniker und Handwerksmeister, studierte Wirtschaftsingenieurwesen an einer Berliner Hochschule.<\/span><\/div><\/div><\/div><\/div>\n<div class='avia-testimonial av-kxeexxdd-10104cd2a07ece29dfb58c8814727a72 avia-testimonial-row-1 avia-last-testimonial flex_column no_margin av_one_half'><div class='avia-testimonial_inner'  itemscope=\"itemscope\" itemtype=\"https:\/\/schema.org\/CreativeWork\" ><div class='avia-testimonial-content '><div class='avia-testimonial-markup-entry-content'  itemprop=\"text\" ><blockquote>\n<p style=\"text-align: left\">Ich wusste genau, was mir Spa\u00df macht. Informatik ist mein Ding. Dadurch war ich sehr motiviert, das Studium anzufangen und abzuschlie\u00dfen. Diese intrinsische Motivation ist ein ganz gro\u00dfer Punkt.\u00a0 [&#8230;] Bevor ich mich beworben habe, habe ich mich in Vorlesungen gesetzt. Das hat mich schon richtig angespornt. Ich sa\u00df in diesem riesigen H\u00f6rsaal mit 1.000 Leuten. Das Zuh\u00f6ren hat mir solchen Spa\u00df gemacht. Ich habe das alles aufgesaugt und dachte, das mache ich auf jeden Fall.<\/p>\n<\/blockquote>\n<\/div><\/div><div class=\"avia-testimonial-meta\"><div class=\"avia-testimonial-arrow-wrap\"><div class=\"avia-arrow\"><\/div><\/div><div class='avia-testimonial-meta-mini'  itemprop=\"author\" itemscope=\"itemscope\" itemtype=\"https:\/\/schema.org\/Person\" ><strong  class='avia-testimonial-name'  itemprop=\"name\" >Paul, 30<\/strong><span  class='avia-testimonial-subtitle '  itemprop=\"jobTitle\" >arbeitete nach seinem IHK-Abschluss als Fachinformatiker f\u00fcr Anwendungsentwicklung vier Jahre im Beruf, bevor er das Bachelorstudium Informatik begann. <\/span><\/div><\/div><\/div><\/div><\/section>\n<\/div>\n<\/div><\/div>\n<style type=\"text\/css\" data-created_by=\"avia_inline_auto\" id=\"style-css-av-ky8g8srz-7a81a6957cc936f564fb0905ef57fc11\">\n.flex_cell.av-ky8g8srz-7a81a6957cc936f564fb0905ef57fc11{\nvertical-align:middle;\npadding:180px 80px 180px 80px;\nbackground:url(https:\/\/elearning.zewk.tu-berlin.de\/blog\/studieren-ohne-abitur\/wp-content\/uploads\/sites\/55\/2022\/01\/lehrraumgebaude-chemie-und-physik-scaled.jpg) 50% 50% no-repeat scroll ;\n}\n<\/style>\n<div class='flex_cell av_one_third av-ky8g8srz-7a81a6957cc936f564fb0905ef57fc11 no_margin  avia-builder-el-19  el_after_av_cell_two_third  avia-builder-el-last  media only screen and max-width1024px and min-width768px invalid-custom-class-found invalid-custom-class-found invalid-custom-class-found top hello av_one_half invalid-custom-class-found invalid-custom-class-found invalid-custom-class-found invalid-custom-class-found invalid-custom-class-found display flex invalid-custom-class-found invalid-custom-class-found invalid-custom-class-found invalid-custom-class-found width invalid-custom-class-found invalid-custom-class-found invalid-custom-class-found invalid-custom-class-found invalid-custom-class-found padding px px px important invalid-custom-class-found invalid-custom-class-found invalid-custom-class-found invalid-custom-class-found invalid-custom-class-found invalid-custom-class-found top hello av_one_halfavia-builder-el-last invalid-custom-class-found invalid-custom-class-found invalid-custom-class-found invalid-custom-class-found invalid-custom-class-found padding-bottom px important invalid-custom-class-found invalid-custom-class-found invalid-custom-class-found invalid-custom-class-found avia-full-stretch' ><div class='flex_cell_inner'><\/div><\/div>\n<\/div><\/p>\n","protected":false},"excerpt":{"rendered":"","protected":false},"author":275,"featured_media":0,"parent":0,"menu_order":0,"comment_status":"open","ping_status":"closed","template":"","meta":{"footnotes":""},"class_list":["post-449","page","type-page","status-publish","hentry"],"_links":{"self":[{"href":"https:\/\/elearning.zewk.tu-berlin.de\/blog\/studieren-ohne-abitur\/wp-json\/wp\/v2\/pages\/449"}],"collection":[{"href":"https:\/\/elearning.zewk.tu-berlin.de\/blog\/studieren-ohne-abitur\/wp-json\/wp\/v2\/pages"}],"about":[{"href":"https:\/\/elearning.zewk.tu-berlin.de\/blog\/studieren-ohne-abitur\/wp-json\/wp\/v2\/types\/page"}],"author":[{"embeddable":true,"href":"https:\/\/elearning.zewk.tu-berlin.de\/blog\/studieren-ohne-abitur\/wp-json\/wp\/v2\/users\/275"}],"replies":[{"embeddable":true,"href":"https:\/\/elearning.zewk.tu-berlin.de\/blog\/studieren-ohne-abitur\/wp-json\/wp\/v2\/comments?post=449"}],"version-history":[{"count":137,"href":"https:\/\/elearning.zewk.tu-berlin.de\/blog\/studieren-ohne-abitur\/wp-json\/wp\/v2\/pages\/449\/revisions"}],"predecessor-version":[{"id":2607,"href":"https:\/\/elearning.zewk.tu-berlin.de\/blog\/studieren-ohne-abitur\/wp-json\/wp\/v2\/pages\/449\/revisions\/2607"}],"wp:attachment":[{"href":"https:\/\/elearning.zewk.tu-berlin.de\/blog\/studieren-ohne-abitur\/wp-json\/wp\/v2\/media?parent=449"}],"curies":[{"name":"wp","href":"https:\/\/api.w.org\/{rel}","templated":true}]}}